{"id":11,"date":"2023-03-22T08:24:23","date_gmt":"2023-03-22T07:24:23","guid":{"rendered":"http:\/\/bmpbois.com\/?page_id=11"},"modified":"2024-02-15T09:39:32","modified_gmt":"2024-02-15T08:39:32","slug":"presentation","status":"publish","type":"page","link":"https:\/\/bmpbois.com\/?page_id=11","title":{"rendered":"PR\u00c9SENTATION"},"content":{"rendered":"\n<figure class=\"wp-block-image size-large is-resized float-left display-none-mobile\"><img loading=\"lazy\" decoding=\"async\" width=\"960\" height=\"1536\" src=\"https:\/\/bmpbois.com\/wp-content\/uploads\/2023\/12\/IMG_3649-edited.jpeg\" alt=\"\" class=\"wp-image-281\" style=\"width:138px;height:auto\" srcset=\"https:\/\/bmpbois.com\/wp-content\/uploads\/2023\/12\/IMG_3649-edited.jpeg 960w, https:\/\/bmpbois.com\/wp-content\/uploads\/2023\/12\/IMG_3649-edited-188x300.jpeg 188w, https:\/\/bmpbois.com\/wp-content\/uploads\/2023\/12\/IMG_3649-edited-640x1024.jpeg 640w, https:\/\/bmpbois.com\/wp-content\/uploads\/2023\/12\/IMG_3649-edited-768x1229.jpeg 768w\" sizes=\"(max-width: 960px) 100vw, 960px\" \/><\/figure>\n\n\n\n<figure class=\"wp-block-image size-large is-resized float-right mobile-center\"><img loading=\"lazy\" decoding=\"async\" width=\"2091\" height=\"1307\" src=\"https:\/\/bmpbois.com\/wp-content\/uploads\/2023\/12\/IMG_3604-edited.jpeg\" alt=\"\" class=\"wp-image-289\" style=\"width:347px;height:auto\" srcset=\"https:\/\/bmpbois.com\/wp-content\/uploads\/2023\/12\/IMG_3604-edited.jpeg 2091w, https:\/\/bmpbois.com\/wp-content\/uploads\/2023\/12\/IMG_3604-edited-300x188.jpeg 300w, https:\/\/bmpbois.com\/wp-content\/uploads\/2023\/12\/IMG_3604-edited-1024x640.jpeg 1024w, https:\/\/bmpbois.com\/wp-content\/uploads\/2023\/12\/IMG_3604-edited-768x480.jpeg 768w, https:\/\/bmpbois.com\/wp-content\/uploads\/2023\/12\/IMG_3604-edited-1536x960.jpeg 1536w, https:\/\/bmpbois.com\/wp-content\/uploads\/2023\/12\/IMG_3604-edited-2048x1280.jpeg 2048w\" sizes=\"(max-width: 2091px) 100vw, 2091px\" \/><\/figure>\n\n\n\n<h2 class=\"wp-block-heading inline-block\"><strong>Pr\u00e9sentation de l\u2019entreprise<\/strong><\/h2>\n\n\n\n<p>BMP BOIS est une entreprise issue du secteur de l\u2019artisanat , cr\u00e9\u00e9e en f\u00e9vrier 2022 par Pierre Beaucamp.&nbsp;<br>Cette entreprise est sp\u00e9cialis\u00e9e dans la menuiserie d\u2019int\u00e9rieur, le mobilier d\u2019agencement, les parquets et l\u2019agencement sur mesure.<br>BMP BOIS est une entreprise Alsacienne, dont les locaux sont implant\u00e9s dans un petit village.<\/p>\n\n\n\n<figure class=\"wp-block-image size-large is-resized float-right mobile-center\"><img loading=\"lazy\" decoding=\"async\" width=\"960\" height=\"1536\" src=\"https:\/\/bmpbois.com\/wp-content\/uploads\/2023\/12\/IMG_3627-edited.jpeg\" alt=\"\" class=\"wp-image-292\" style=\"width:182px;height:auto\" srcset=\"https:\/\/bmpbois.com\/wp-content\/uploads\/2023\/12\/IMG_3627-edited.jpeg 960w, https:\/\/bmpbois.com\/wp-content\/uploads\/2023\/12\/IMG_3627-edited-188x300.jpeg 188w, https:\/\/bmpbois.com\/wp-content\/uploads\/2023\/12\/IMG_3627-edited-640x1024.jpeg 640w, https:\/\/bmpbois.com\/wp-content\/uploads\/2023\/12\/IMG_3627-edited-768x1229.jpeg 768w\" sizes=\"(max-width: 960px) 100vw, 960px\" \/><\/figure>\n\n\n\n<h2 class=\"wp-block-heading inline-block\">Pr\u00e9sentation du personnel<\/h2>\n\n\n\n<p>Pierre Beaucamp est un jeune menuisier de 25 ans, lanc\u00e9 \u00e0 son compte depuis 2022. Il a su acqu\u00e9rir l\u2019exp\u00e9rience n\u00e9cessaire au lancement de sa soci\u00e9t\u00e9 en se formant au sein des compagnons du devoir en y validant un CAP menuisier et un BREVET PROFESSIONNEL.<br>De nombreux stages lui ont permis d\u2019\u00eatre polyvalent et de se former dans diff\u00e9rents domaines de la menuiserie int\u00e9rieur.<br>Apr\u00e8s avoir pass\u00e9 ses dipl\u00f4mes, Pierre est partit affiner son savoir faire et peaufiner son exp\u00e9rience en Haute Savoie durant deux ann\u00e9es<br>Ce poste lui a permis de m\u00ealer travail et cadre de vie idyllique, un r\u00e9el enrichissement pour un sportif passionn\u00e9 de montagne.&nbsp;<br>\u00c0 son retour dans sa r\u00e9gion natale l\u2019Alsace, il franchit le cap et d\u00e9cide d\u2019ouvrir son entreprise BMP BOIS.<\/p>\n","protected":false},"excerpt":{"rendered":"<p>Pr\u00e9sentation de l\u2019entreprise BMP BOIS est une entreprise issue du secteur de l\u2019artisanat , cr\u00e9\u00e9e en f\u00e9vrier 2022 par Pierre Beaucamp.&nbsp;Cette entreprise est sp\u00e9cialis\u00e9e dans la menuiserie d\u2019int\u00e9rieur, le mobilier d\u2019agencement, les parquets et l\u2019agencement sur mesure.BMP BOIS est une entreprise Alsacienne, dont les locaux sont implant\u00e9s dans un petit village. Pr\u00e9sentation du personnel Pierre &hellip;<\/p>\n<p class=\"read-more\"> <a class=\"\" href=\"https:\/\/bmpbois.com\/?page_id=11\"> <span class=\"screen-reader-text\">PR\u00c9SENTATION<\/span> Lire la suite\u00a0\u00bb<\/a><\/p>\n","protected":false},"author":1,"featured_media":0,"parent":0,"menu_order":0,"comment_status":"closed","ping_status":"closed","template":"","meta":{"site-sidebar-layout":"default","site-content-layout":"","ast-site-content-layout":"default","site-content-style":"default","site-sidebar-style":"default","ast-global-header-display":"","ast-banner-title-visibility":"","ast-main-header-display":"","ast-hfb-above-header-display":"","ast-hfb-below-header-display":"","ast-hfb-mobile-header-display":"","site-post-title":"disabled","ast-breadcrumbs-content":"","ast-featured-img":"","footer-sml-layout":"","theme-transparent-header-meta":"","adv-header-id-meta":"","stick-header-meta":"","header-above-stick-meta":"","header-main-stick-meta":"","header-below-stick-meta":"","astra-migrate-meta-layouts":"set","ast-page-background-enabled":"default","ast-page-background-meta":{"desktop":{"background-color":"var(--ast-global-color-4)","background-image":"","background-repeat":"repeat","background-position":"center center","background-size":"auto","background-attachment":"scroll","background-type":"","background-media":"","overlay-type":"","overlay-color":"","overlay-gradient":""},"tablet":{"background-color":"","background-image":"","background-repeat":"repeat","background-position":"center center","background-size":"auto","background-attachment":"scroll","background-type":"","background-media":"","overlay-type":"","overlay-color":"","overlay-gradient":""},"mobile":{"background-color":"","background-image":"","background-repeat":"repeat","background-position":"center center","background-size":"auto","background-attachment":"scroll","background-type":"","background-media":"","overlay-type":"","overlay-color":"","overlay-gradient":""}},"ast-content-background-meta":{"desktop":{"background-color":"var(--ast-global-color-5)","background-image":"","background-repeat":"repeat","background-position":"center center","background-size":"auto","background-attachment":"scroll","background-type":"","background-media":"","overlay-type":"","overlay-color":"","overlay-gradient":""},"tablet":{"background-color":"var(--ast-global-color-5)","background-image":"","background-repeat":"repeat","background-position":"center center","background-size":"auto","background-attachment":"scroll","background-type":"","background-media":"","overlay-type":"","overlay-color":"","overlay-gradient":""},"mobile":{"background-color":"var(--ast-global-color-5)","background-image":"","background-repeat":"repeat","background-position":"center center","background-size":"auto","background-attachment":"scroll","background-type":"","background-media":"","overlay-type":"","overlay-color":"","overlay-gradient":""}},"footnotes":""},"_links":{"self":[{"href":"https:\/\/bmpbois.com\/index.php?rest_route=\/wp\/v2\/pages\/11"}],"collection":[{"href":"https:\/\/bmpbois.com\/index.php?rest_route=\/wp\/v2\/pages"}],"about":[{"href":"https:\/\/bmpbois.com\/index.php?rest_route=\/wp\/v2\/types\/page"}],"author":[{"embeddable":true,"href":"https:\/\/bmpbois.com\/index.php?rest_route=\/wp\/v2\/users\/1"}],"replies":[{"embeddable":true,"href":"https:\/\/bmpbois.com\/index.php?rest_route=%2Fwp%2Fv2%2Fcomments&post=11"}],"version-history":[{"count":25,"href":"https:\/\/bmpbois.com\/index.php?rest_route=\/wp\/v2\/pages\/11\/revisions"}],"predecessor-version":[{"id":633,"href":"https:\/\/bmpbois.com\/index.php?rest_route=\/wp\/v2\/pages\/11\/revisions\/633"}],"wp:attachment":[{"href":"https:\/\/bmpbois.com\/index.php?rest_route=%2Fwp%2Fv2%2Fmedia&parent=11"}],"curies":[{"name":"wp","href":"https:\/\/api.w.org\/{rel}","templated":true}]}}