{"id":27,"date":"2023-03-22T08:26:14","date_gmt":"2023-03-22T07:26:14","guid":{"rendered":"http:\/\/bmpbois.com\/?page_id=27"},"modified":"2024-01-26T11:45:59","modified_gmt":"2024-01-26T10:45:59","slug":"parquets","status":"publish","type":"page","link":"https:\/\/bmpbois.com\/?page_id=27","title":{"rendered":"AGENCEMENTS"},"content":{"rendered":"\n<figure class=\"wp-block-gallery has-nested-images columns-default is-cropped wp-block-gallery-1 is-layout-flex wp-block-gallery-is-layout-flex\">\n<figure class=\"wp-block-image size-large\"><a href=\"https:\/\/bmpbois.com\/?page_id=396\"><img loading=\"lazy\" decoding=\"async\" width=\"768\" height=\"1024\" data-id=\"428\" src=\"https:\/\/bmpbois.com\/wp-content\/uploads\/2024\/01\/IMG_0945-1-768x1024.jpeg\" alt=\"\" class=\"wp-image-428\" srcset=\"https:\/\/bmpbois.com\/wp-content\/uploads\/2024\/01\/IMG_0945-1-768x1024.jpeg 768w, https:\/\/bmpbois.com\/wp-content\/uploads\/2024\/01\/IMG_0945-1-225x300.jpeg 225w, https:\/\/bmpbois.com\/wp-content\/uploads\/2024\/01\/IMG_0945-1-1152x1536.jpeg 1152w, https:\/\/bmpbois.com\/wp-content\/uploads\/2024\/01\/IMG_0945-1.jpeg 1536w\" sizes=\"(max-width: 768px) 100vw, 768px\" \/><\/a><figcaption class=\"wp-element-caption\">Cintrage des lettres <\/figcaption><\/figure>\n\n\n\n<figure class=\"wp-block-image size-large\"><a href=\"https:\/\/bmpbois.com\/?page_id=405\"><img loading=\"lazy\" decoding=\"async\" width=\"769\" height=\"1024\" data-id=\"417\" src=\"https:\/\/bmpbois.com\/wp-content\/uploads\/2024\/01\/IMG_1361-edited-769x1024.jpeg\" alt=\"\" class=\"wp-image-417\" srcset=\"https:\/\/bmpbois.com\/wp-content\/uploads\/2024\/01\/IMG_1361-edited-769x1024.jpeg 769w, https:\/\/bmpbois.com\/wp-content\/uploads\/2024\/01\/IMG_1361-edited-225x300.jpeg 225w, https:\/\/bmpbois.com\/wp-content\/uploads\/2024\/01\/IMG_1361-edited-768x1023.jpeg 768w, https:\/\/bmpbois.com\/wp-content\/uploads\/2024\/01\/IMG_1361-edited.jpeg 1153w\" sizes=\"(max-width: 769px) 100vw, 769px\" \/><\/a><figcaption class=\"wp-element-caption\">biblioth\u00e8que int\u00e9gr\u00e9e<\/figcaption><\/figure>\n\n\n\n<figure class=\"wp-block-image size-large\"><a href=\"https:\/\/bmpbois.com\/?page_id=390\"><img loading=\"lazy\" decoding=\"async\" width=\"768\" height=\"1024\" data-id=\"391\" src=\"https:\/\/bmpbois.com\/wp-content\/uploads\/2024\/01\/IMG_3567-768x1024.jpeg\" alt=\"\" class=\"wp-image-391\" srcset=\"https:\/\/bmpbois.com\/wp-content\/uploads\/2024\/01\/IMG_3567-768x1025.jpeg 768w, https:\/\/bmpbois.com\/wp-content\/uploads\/2024\/01\/IMG_3567-225x300.jpeg 225w, https:\/\/bmpbois.com\/wp-content\/uploads\/2024\/01\/IMG_3567-1151x1536.jpeg 1151w, https:\/\/bmpbois.com\/wp-content\/uploads\/2024\/01\/IMG_3567.jpeg 1536w\" sizes=\"(max-width: 768px) 100vw, 768px\" \/><\/a><figcaption class=\"wp-element-caption\">espace m\u00e9dicale <\/figcaption><\/figure>\n\n\n\n<figure class=\"wp-block-image size-large\"><a href=\"https:\/\/bmpbois.com\/?page_id=385\"><img loading=\"lazy\" decoding=\"async\" width=\"768\" height=\"1024\" data-id=\"387\" src=\"https:\/\/bmpbois.com\/wp-content\/uploads\/2024\/01\/D7109EA0-0ACB-4232-B3D5-FD0C81B2DCF1-768x1024.jpg\" alt=\"\" class=\"wp-image-387\" srcset=\"https:\/\/bmpbois.com\/wp-content\/uploads\/2024\/01\/D7109EA0-0ACB-4232-B3D5-FD0C81B2DCF1-768x1024.jpg 768w, https:\/\/bmpbois.com\/wp-content\/uploads\/2024\/01\/D7109EA0-0ACB-4232-B3D5-FD0C81B2DCF1-225x300.jpg 225w, https:\/\/bmpbois.com\/wp-content\/uploads\/2024\/01\/D7109EA0-0ACB-4232-B3D5-FD0C81B2DCF1-1152x1536.jpg 1152w, https:\/\/bmpbois.com\/wp-content\/uploads\/2024\/01\/D7109EA0-0ACB-4232-B3D5-FD0C81B2DCF1.jpg 1536w\" sizes=\"(max-width: 768px) 100vw, 768px\" \/><\/a><figcaption class=\"wp-element-caption\">Buanderie <\/figcaption><\/figure>\n\n\n\n<figure class=\"wp-block-image size-large\"><a href=\"https:\/\/bmpbois.com\/?p=379\"><img loading=\"lazy\" decoding=\"async\" width=\"1024\" height=\"1024\" data-id=\"209\" src=\"https:\/\/bmpbois.com\/wp-content\/uploads\/2023\/12\/IMG_4812-1-e1706179745125-1024x1024.jpeg\" alt=\"\" class=\"wp-image-209\" srcset=\"https:\/\/bmpbois.com\/wp-content\/uploads\/2023\/12\/IMG_4812-1-e1706179745125-1024x1024.jpeg 1024w, https:\/\/bmpbois.com\/wp-content\/uploads\/2023\/12\/IMG_4812-1-e1706179745125-300x300.jpeg 300w, https:\/\/bmpbois.com\/wp-content\/uploads\/2023\/12\/IMG_4812-1-e1706179745125-150x150.jpeg 150w, https:\/\/bmpbois.com\/wp-content\/uploads\/2023\/12\/IMG_4812-1-e1706179745125-768x768.jpeg 768w, https:\/\/bmpbois.com\/wp-content\/uploads\/2023\/12\/IMG_4812-1-e1706179745125.jpeg 1536w\" sizes=\"(max-width: 1024px) 100vw, 1024px\" \/><\/a><figcaption class=\"wp-element-caption\">Wine not !<\/figcaption><\/figure>\n<\/figure>\n","protected":false},"excerpt":{"rendered":"","protected":false},"author":1,"featured_media":0,"parent":0,"menu_order":0,"comment_status":"closed","ping_status":"closed","template":"","meta":{"site-sidebar-layout":"default","site-content-layout":"","ast-site-content-layout":"default","site-content-style":"default","site-sidebar-style":"default","ast-global-header-display":"","ast-banner-title-visibility":"","ast-main-header-display":"","ast-hfb-above-header-display":"","ast-hfb-below-header-display":"","ast-hfb-mobile-header-display":"","site-post-title":"","ast-breadcrumbs-content":"","ast-featured-img":"","footer-sml-layout":"","theme-transparent-header-meta":"","adv-header-id-meta":"","stick-header-meta":"","header-above-stick-meta":"","header-main-stick-meta":"","header-below-stick-meta":"","astra-migrate-meta-layouts":"set","ast-page-background-enabled":"default","ast-page-background-meta":{"desktop":{"background-color":"var(--ast-global-color-4)","background-image":"","background-repeat":"repeat","background-position":"center center","background-size":"auto","background-attachment":"scroll","background-type":"","background-media":"","overlay-type":"","overlay-color":"","overlay-gradient":""},"tablet":{"background-color":"","background-image":"","background-repeat":"repeat","background-position":"center center","background-size":"auto","background-attachment":"scroll","background-type":"","background-media":"","overlay-type":"","overlay-color":"","overlay-gradient":""},"mobile":{"background-color":"","background-image":"","background-repeat":"repeat","background-position":"center center","background-size":"auto","background-attachment":"scroll","background-type":"","background-media":"","overlay-type":"","overlay-color":"","overlay-gradient":""}},"ast-content-background-meta":{"desktop":{"background-color":"var(--ast-global-color-5)","background-image":"","background-repeat":"repeat","background-position":"center center","background-size":"auto","background-attachment":"scroll","background-type":"","background-media":"","overlay-type":"","overlay-color":"","overlay-gradient":""},"tablet":{"background-color":"var(--ast-global-color-5)","background-image":"","background-repeat":"repeat","background-position":"center center","background-size":"auto","background-attachment":"scroll","background-type":"","background-media":"","overlay-type":"","overlay-color":"","overlay-gradient":""},"mobile":{"background-color":"var(--ast-global-color-5)","background-image":"","background-repeat":"repeat","background-position":"center center","background-size":"auto","background-attachment":"scroll","background-type":"","background-media":"","overlay-type":"","overlay-color":"","overlay-gradient":""}},"footnotes":""},"_links":{"self":[{"href":"https:\/\/bmpbois.com\/index.php?rest_route=\/wp\/v2\/pages\/27"}],"collection":[{"href":"https:\/\/bmpbois.com\/index.php?rest_route=\/wp\/v2\/pages"}],"about":[{"href":"https:\/\/bmpbois.com\/index.php?rest_route=\/wp\/v2\/types\/page"}],"author":[{"embeddable":true,"href":"https:\/\/bmpbois.com\/index.php?rest_route=\/wp\/v2\/users\/1"}],"replies":[{"embeddable":true,"href":"https:\/\/bmpbois.com\/index.php?rest_route=%2Fwp%2Fv2%2Fcomments&post=27"}],"version-history":[{"count":9,"href":"https:\/\/bmpbois.com\/index.php?rest_route=\/wp\/v2\/pages\/27\/revisions"}],"predecessor-version":[{"id":438,"href":"https:\/\/bmpbois.com\/index.php?rest_route=\/wp\/v2\/pages\/27\/revisions\/438"}],"wp:attachment":[{"href":"https:\/\/bmpbois.com\/index.php?rest_route=%2Fwp%2Fv2%2Fmedia&parent=27"}],"curies":[{"name":"wp","href":"https:\/\/api.w.org\/{rel}","templated":true}]}}