{"id":31,"date":"2023-03-22T08:26:36","date_gmt":"2023-03-22T07:26:36","guid":{"rendered":"http:\/\/bmpbois.com\/?page_id=31"},"modified":"2024-01-26T21:30:14","modified_gmt":"2024-01-26T20:30:14","slug":"plans","status":"publish","type":"page","link":"https:\/\/bmpbois.com\/?page_id=31","title":{"rendered":"PLANS"},"content":{"rendered":"\n<p>La menuiserie BMP BOIS s&rsquo;engage dans une d\u00e9marche constante de formation et d&rsquo;am\u00e9lioration afin de garantir une compr\u00e9hension optimale et une vision claire de nos projets par notre client\u00e8le. Dans cette optique, nous utilisons des logiciels de conception 3D de pointe pour la r\u00e9alisation de nos plans.<\/p>\n\n\n\n<p>La premi\u00e8re \u00e9tape de ce processus consiste en la prise de mesures, que ce soit directement sur le site du projet ou \u00e0 partir de plans de construction. Cette phase est cruciale pour assurer la pr\u00e9cision et la conformit\u00e9 de nos r\u00e9alisations aux sp\u00e9cifications du client.<\/p>\n\n\n\n<p>L&rsquo;utilisation de la technologie 3D offre \u00e0 nos clients la possibilit\u00e9 de visualiser les volumes des pi\u00e8ces de mani\u00e8re r\u00e9aliste. Cela va au-del\u00e0 de la simple repr\u00e9sentation \u00e0 plat, permettant une immersion virtuelle dans l&rsquo;espace con\u00e7u. De plus, cette technologie offre la flexibilit\u00e9 de modifier la couleur des mat\u00e9riaux, permettant ainsi au client d&rsquo;explorer diff\u00e9rentes options et de personnaliser son projet selon ses pr\u00e9f\u00e9rences.<\/p>\n\n\n\n<p>En r\u00e9sum\u00e9, notre approche combinant expertise artisanale et utilisation de logiciels 3D avanc\u00e9s vise \u00e0 offrir \u00e0 nos clients une exp\u00e9rience de conception transparente, pr\u00e9cise et personnalis\u00e9e.<\/p>\n\n\n\n<figure class=\"wp-block-gallery has-nested-images columns-default is-cropped wp-block-gallery-1 is-layout-flex wp-block-gallery-is-layout-flex\">\n<figure class=\"wp-block-image size-large\"><img loading=\"lazy\" decoding=\"async\" width=\"1024\" height=\"625\" data-id=\"193\" src=\"https:\/\/bmpbois.com\/wp-content\/uploads\/2023\/12\/Capture-decran-2023-03-11-a-10.34.28-1024x625.png\" alt=\"\" class=\"wp-image-193\" srcset=\"https:\/\/bmpbois.com\/wp-content\/uploads\/2023\/12\/Capture-decran-2023-03-11-a-10.34.28-1024x625.png 1024w, https:\/\/bmpbois.com\/wp-content\/uploads\/2023\/12\/Capture-decran-2023-03-11-a-10.34.28-300x183.png 300w, https:\/\/bmpbois.com\/wp-content\/uploads\/2023\/12\/Capture-decran-2023-03-11-a-10.34.28-768x469.png 768w, https:\/\/bmpbois.com\/wp-content\/uploads\/2023\/12\/Capture-decran-2023-03-11-a-10.34.28-1536x938.png 1536w, https:\/\/bmpbois.com\/wp-content\/uploads\/2023\/12\/Capture-decran-2023-03-11-a-10.34.28-2048x1251.png 2048w\" sizes=\"(max-width: 1024px) 100vw, 1024px\" \/><\/figure>\n\n\n\n<figure class=\"wp-block-image size-large\"><img loading=\"lazy\" decoding=\"async\" width=\"1024\" height=\"531\" data-id=\"470\" src=\"https:\/\/bmpbois.com\/wp-content\/uploads\/2024\/01\/Capture-decran-2023-12-24-a-16.57.23-1024x531.png\" alt=\"\" class=\"wp-image-470\" srcset=\"https:\/\/bmpbois.com\/wp-content\/uploads\/2024\/01\/Capture-decran-2023-12-24-a-16.57.23-1024x531.png 1024w, https:\/\/bmpbois.com\/wp-content\/uploads\/2024\/01\/Capture-decran-2023-12-24-a-16.57.23-300x156.png 300w, https:\/\/bmpbois.com\/wp-content\/uploads\/2024\/01\/Capture-decran-2023-12-24-a-16.57.23-768x398.png 768w, https:\/\/bmpbois.com\/wp-content\/uploads\/2024\/01\/Capture-decran-2023-12-24-a-16.57.23-1536x797.png 1536w, https:\/\/bmpbois.com\/wp-content\/uploads\/2024\/01\/Capture-decran-2023-12-24-a-16.57.23-2048x1062.png 2048w\" sizes=\"(max-width: 1024px) 100vw, 1024px\" \/><\/figure>\n\n\n\n<figure class=\"wp-block-image size-large\"><img loading=\"lazy\" decoding=\"async\" width=\"1024\" height=\"516\" data-id=\"204\" src=\"https:\/\/bmpbois.com\/wp-content\/uploads\/2023\/12\/Capture-decran-2023-03-11-a-10.31.41-1024x516.png\" alt=\"\" class=\"wp-image-204\" srcset=\"https:\/\/bmpbois.com\/wp-content\/uploads\/2023\/12\/Capture-decran-2023-03-11-a-10.31.41-1024x516.png 1024w, https:\/\/bmpbois.com\/wp-content\/uploads\/2023\/12\/Capture-decran-2023-03-11-a-10.31.41-300x151.png 300w, https:\/\/bmpbois.com\/wp-content\/uploads\/2023\/12\/Capture-decran-2023-03-11-a-10.31.41-768x387.png 768w, https:\/\/bmpbois.com\/wp-content\/uploads\/2023\/12\/Capture-decran-2023-03-11-a-10.31.41-1536x774.png 1536w, https:\/\/bmpbois.com\/wp-content\/uploads\/2023\/12\/Capture-decran-2023-03-11-a-10.31.41-2048x1032.png 2048w\" sizes=\"(max-width: 1024px) 100vw, 1024px\" \/><\/figure>\n\n\n\n<figure class=\"wp-block-image size-large\"><img loading=\"lazy\" decoding=\"async\" width=\"692\" height=\"1024\" data-id=\"205\" src=\"https:\/\/bmpbois.com\/wp-content\/uploads\/2023\/12\/Capture-decran-2023-03-11-a-10.32.41-692x1024.png\" alt=\"\" class=\"wp-image-205\" srcset=\"https:\/\/bmpbois.com\/wp-content\/uploads\/2023\/12\/Capture-decran-2023-03-11-a-10.32.41-692x1024.png 692w, https:\/\/bmpbois.com\/wp-content\/uploads\/2023\/12\/Capture-decran-2023-03-11-a-10.32.41-203x300.png 203w, https:\/\/bmpbois.com\/wp-content\/uploads\/2023\/12\/Capture-decran-2023-03-11-a-10.32.41-768x1137.png 768w, https:\/\/bmpbois.com\/wp-content\/uploads\/2023\/12\/Capture-decran-2023-03-11-a-10.32.41.png 828w\" sizes=\"(max-width: 692px) 100vw, 692px\" \/><\/figure>\n\n\n\n<figure class=\"wp-block-image size-large\"><img loading=\"lazy\" decoding=\"async\" width=\"1024\" height=\"626\" data-id=\"332\" src=\"https:\/\/bmpbois.com\/wp-content\/uploads\/2024\/01\/Capture-decran-2023-12-05-a-09.18.49-1024x626.png\" alt=\"\" class=\"wp-image-332\" srcset=\"https:\/\/bmpbois.com\/wp-content\/uploads\/2024\/01\/Capture-decran-2023-12-05-a-09.18.49-1024x626.png 1024w, https:\/\/bmpbois.com\/wp-content\/uploads\/2024\/01\/Capture-decran-2023-12-05-a-09.18.49-300x183.png 300w, https:\/\/bmpbois.com\/wp-content\/uploads\/2024\/01\/Capture-decran-2023-12-05-a-09.18.49-768x469.png 768w, https:\/\/bmpbois.com\/wp-content\/uploads\/2024\/01\/Capture-decran-2023-12-05-a-09.18.49-1536x939.png 1536w, https:\/\/bmpbois.com\/wp-content\/uploads\/2024\/01\/Capture-decran-2023-12-05-a-09.18.49-2048x1251.png 2048w\" sizes=\"(max-width: 1024px) 100vw, 1024px\" \/><\/figure>\n\n\n\n<figure class=\"wp-block-image size-large\"><img loading=\"lazy\" decoding=\"async\" width=\"1024\" height=\"1024\" data-id=\"301\" src=\"https:\/\/bmpbois.com\/wp-content\/uploads\/2023\/12\/Capture-decran-2023-12-05-a-10.04.12-edited-1024x1024.png\" alt=\"\" class=\"wp-image-301\" srcset=\"https:\/\/bmpbois.com\/wp-content\/uploads\/2023\/12\/Capture-decran-2023-12-05-a-10.04.12-edited-1024x1024.png 1024w, https:\/\/bmpbois.com\/wp-content\/uploads\/2023\/12\/Capture-decran-2023-12-05-a-10.04.12-edited-300x300.png 300w, https:\/\/bmpbois.com\/wp-content\/uploads\/2023\/12\/Capture-decran-2023-12-05-a-10.04.12-edited-150x150.png 150w, https:\/\/bmpbois.com\/wp-content\/uploads\/2023\/12\/Capture-decran-2023-12-05-a-10.04.12-edited-768x767.png 768w, https:\/\/bmpbois.com\/wp-content\/uploads\/2023\/12\/Capture-decran-2023-12-05-a-10.04.12-edited.png 1433w\" sizes=\"(max-width: 1024px) 100vw, 1024px\" \/><\/figure>\n<\/figure>\n","protected":false},"excerpt":{"rendered":"<p>La menuiserie BMP BOIS s&rsquo;engage dans une d\u00e9marche constante de formation et d&rsquo;am\u00e9lioration afin de garantir une compr\u00e9hension optimale et une vision claire de nos projets par notre client\u00e8le. Dans cette optique, nous utilisons des logiciels de conception 3D de pointe pour la r\u00e9alisation de nos plans. La premi\u00e8re \u00e9tape de ce processus consiste en &hellip;<\/p>\n<p class=\"read-more\"> <a class=\"\" href=\"https:\/\/bmpbois.com\/?page_id=31\"> <span class=\"screen-reader-text\">PLANS<\/span> Lire la suite\u00a0\u00bb<\/a><\/p>\n","protected":false},"author":1,"featured_media":0,"parent":0,"menu_order":0,"comment_status":"closed","ping_status":"closed","template":"","meta":{"site-sidebar-layout":"default","site-content-layout":"","ast-site-content-layout":"default","site-content-style":"default","site-sidebar-style":"default","ast-global-header-display":"","ast-banner-title-visibility":"","ast-main-header-display":"","ast-hfb-above-header-display":"","ast-hfb-below-header-display":"","ast-hfb-mobile-header-display":"","site-post-title":"","ast-breadcrumbs-content":"","ast-featured-img":"","footer-sml-layout":"","theme-transparent-header-meta":"","adv-header-id-meta":"","stick-header-meta":"","header-above-stick-meta":"","header-main-stick-meta":"","header-below-stick-meta":"","astra-migrate-meta-layouts":"set","ast-page-background-enabled":"default","ast-page-background-meta":{"desktop":{"background-color":"var(--ast-global-color-4)","background-image":"","background-repeat":"repeat","background-position":"center center","background-size":"auto","background-attachment":"scroll","background-type":"","background-media":"","overlay-type":"","overlay-color":"","overlay-gradient":""},"tablet":{"background-color":"","background-image":"","background-repeat":"repeat","background-position":"center center","background-size":"auto","background-attachment":"scroll","background-type":"","background-media":"","overlay-type":"","overlay-color":"","overlay-gradient":""},"mobile":{"background-color":"","background-image":"","background-repeat":"repeat","background-position":"center center","background-size":"auto","background-attachment":"scroll","background-type":"","background-media":"","overlay-type":"","overlay-color":"","overlay-gradient":""}},"ast-content-background-meta":{"desktop":{"background-color":"var(--ast-global-color-5)","background-image":"","background-repeat":"repeat","background-position":"center center","background-size":"auto","background-attachment":"scroll","background-type":"","background-media":"","overlay-type":"","overlay-color":"","overlay-gradient":""},"tablet":{"background-color":"var(--ast-global-color-5)","background-image":"","background-repeat":"repeat","background-position":"center center","background-size":"auto","background-attachment":"scroll","background-type":"","background-media":"","overlay-type":"","overlay-color":"","overlay-gradient":""},"mobile":{"background-color":"var(--ast-global-color-5)","background-image":"","background-repeat":"repeat","background-position":"center center","background-size":"auto","background-attachment":"scroll","background-type":"","background-media":"","overlay-type":"","overlay-color":"","overlay-gradient":""}},"footnotes":""},"_links":{"self":[{"href":"https:\/\/bmpbois.com\/index.php?rest_route=\/wp\/v2\/pages\/31"}],"collection":[{"href":"https:\/\/bmpbois.com\/index.php?rest_route=\/wp\/v2\/pages"}],"about":[{"href":"https:\/\/bmpbois.com\/index.php?rest_route=\/wp\/v2\/types\/page"}],"author":[{"embeddable":true,"href":"https:\/\/bmpbois.com\/index.php?rest_route=\/wp\/v2\/users\/1"}],"replies":[{"embeddable":true,"href":"https:\/\/bmpbois.com\/index.php?rest_route=%2Fwp%2Fv2%2Fcomments&post=31"}],"version-history":[{"count":3,"href":"https:\/\/bmpbois.com\/index.php?rest_route=\/wp\/v2\/pages\/31\/revisions"}],"predecessor-version":[{"id":471,"href":"https:\/\/bmpbois.com\/index.php?rest_route=\/wp\/v2\/pages\/31\/revisions\/471"}],"wp:attachment":[{"href":"https:\/\/bmpbois.com\/index.php?rest_route=%2Fwp%2Fv2%2Fmedia&parent=31"}],"curies":[{"name":"wp","href":"https:\/\/api.w.org\/{rel}","templated":true}]}}