{"id":340,"date":"2024-01-25T11:41:17","date_gmt":"2024-01-25T10:41:17","guid":{"rendered":"http:\/\/bmpbois.com\/?p=340"},"modified":"2024-01-25T12:24:31","modified_gmt":"2024-01-25T11:24:31","slug":"marches-frene-contre-marches-resine-de-synthese-madame-b","status":"publish","type":"page","link":"https:\/\/bmpbois.com\/?page_id=340","title":{"rendered":"Marches Fr\u00eane &#038; contre marches R\u00e9sine de synth\u00e8se &#8211; Madame B"},"content":{"rendered":"\n<div class=\"wp-block-media-text is-stacked-on-mobile\" style=\"grid-template-columns:24% auto\"><figure class=\"wp-block-media-text__media\"><img decoding=\"async\" src=\"https:\/\/bmpbois.com\/wp-content\/uploads\/2023\/12\/IMG_6344-768x1024.jpeg\" alt=\"\" class=\"wp-image-187 size-full\"\/><\/figure><div class=\"wp-block-media-text__content\">\n<p>La menuiserie BMP Bois vous pr\u00e9sente un escalier b\u00e9ton recouvert de marches bois et contre marches en r\u00e9sine de synth\u00e8se le tout s&rsquo;int\u00e9grant dans un agencement sur mesure sous pente. <\/p>\n\n\n\n<p>&#8211; Marches et garde-corps en fr\u00eane<\/p>\n\n\n\n<p>&#8211; <a><\/a>Meuble int\u00e9gr\u00e9 et contre-marches en r\u00e9sine de synth\u00e8se <a href=\"https:\/\/www.facebook.com\/CorianDesign?__cft__[0]=AZVu6EfSKYjXgUuPvloFCPOrAKAffQU7to_8NbxrETBw5gsSp7p7TJtgKuVkq7k1TbvzxmG85JvavPyZOie2KX99emo9idVypiM5NLyWzomLrOL60jW9EpFRy_NgFuDjdADQG3VvwY4mA_RZEbrYhpku9UPkHDNL7Tp3b0DyK340Qpz001oq7tRuyGwOe1tZ1Uw&amp;__tn__=-]K-R\">Corian Design<\/a> glacier white<\/p>\n\n\n\n<p>N\u2019h\u00e9sitez pas \u00e0 nous contacter pour tous vos besoins en menuiserie et agencements sur mesure, ce serait un plaisir de collaborer ensemble !<\/p>\n<\/div><\/div>\n\n\n\n<figure class=\"wp-block-gallery has-nested-images columns-default is-cropped wp-block-gallery-1 is-layout-flex wp-block-gallery-is-layout-flex\">\n<figure class=\"wp-block-image size-large\"><img loading=\"lazy\" decoding=\"async\" width=\"768\" height=\"1024\" data-id=\"341\" src=\"https:\/\/bmpbois.com\/wp-content\/uploads\/2024\/01\/IMG_6335-768x1024.jpeg\" alt=\"\" class=\"wp-image-341\" srcset=\"https:\/\/bmpbois.com\/wp-content\/uploads\/2024\/01\/IMG_6335-768x1025.jpeg 768w, https:\/\/bmpbois.com\/wp-content\/uploads\/2024\/01\/IMG_6335-225x300.jpeg 225w, https:\/\/bmpbois.com\/wp-content\/uploads\/2024\/01\/IMG_6335-1151x1536.jpeg 1151w, https:\/\/bmpbois.com\/wp-content\/uploads\/2024\/01\/IMG_6335.jpeg 1536w\" sizes=\"(max-width: 768px) 100vw, 768px\" \/><\/figure>\n\n\n\n<figure class=\"wp-block-image size-large\"><img loading=\"lazy\" decoding=\"async\" width=\"768\" height=\"1024\" data-id=\"342\" src=\"https:\/\/bmpbois.com\/wp-content\/uploads\/2024\/01\/IMG_6338-768x1024.jpeg\" alt=\"\" class=\"wp-image-342\" srcset=\"https:\/\/bmpbois.com\/wp-content\/uploads\/2024\/01\/IMG_6338-768x1025.jpeg 768w, https:\/\/bmpbois.com\/wp-content\/uploads\/2024\/01\/IMG_6338-225x300.jpeg 225w, https:\/\/bmpbois.com\/wp-content\/uploads\/2024\/01\/IMG_6338-1151x1536.jpeg 1151w, https:\/\/bmpbois.com\/wp-content\/uploads\/2024\/01\/IMG_6338.jpeg 1536w\" sizes=\"(max-width: 768px) 100vw, 768px\" \/><\/figure>\n\n\n\n<figure class=\"wp-block-image size-large\"><img loading=\"lazy\" decoding=\"async\" width=\"768\" height=\"1024\" data-id=\"344\" src=\"https:\/\/bmpbois.com\/wp-content\/uploads\/2024\/01\/IMG_6342-768x1024.jpeg\" alt=\"\" class=\"wp-image-344\" srcset=\"https:\/\/bmpbois.com\/wp-content\/uploads\/2024\/01\/IMG_6342-768x1025.jpeg 768w, https:\/\/bmpbois.com\/wp-content\/uploads\/2024\/01\/IMG_6342-225x300.jpeg 225w, https:\/\/bmpbois.com\/wp-content\/uploads\/2024\/01\/IMG_6342-1151x1536.jpeg 1151w, https:\/\/bmpbois.com\/wp-content\/uploads\/2024\/01\/IMG_6342.jpeg 1536w\" sizes=\"(max-width: 768px) 100vw, 768px\" \/><\/figure>\n\n\n\n<figure class=\"wp-block-image size-large\"><img loading=\"lazy\" decoding=\"async\" width=\"768\" height=\"1024\" data-id=\"345\" src=\"https:\/\/bmpbois.com\/wp-content\/uploads\/2024\/01\/IMG_6347-768x1024.jpeg\" alt=\"\" class=\"wp-image-345\" srcset=\"https:\/\/bmpbois.com\/wp-content\/uploads\/2024\/01\/IMG_6347-768x1024.jpeg 768w, https:\/\/bmpbois.com\/wp-content\/uploads\/2024\/01\/IMG_6347-225x300.jpeg 225w, https:\/\/bmpbois.com\/wp-content\/uploads\/2024\/01\/IMG_6347-1152x1536.jpeg 1152w, https:\/\/bmpbois.com\/wp-content\/uploads\/2024\/01\/IMG_6347.jpeg 1537w\" sizes=\"(max-width: 768px) 100vw, 768px\" \/><\/figure>\n\n\n\n<figure class=\"wp-block-image size-large\"><img loading=\"lazy\" decoding=\"async\" width=\"768\" height=\"1024\" data-id=\"343\" src=\"https:\/\/bmpbois.com\/wp-content\/uploads\/2024\/01\/IMG_6349-768x1024.jpeg\" alt=\"\" class=\"wp-image-343\" srcset=\"https:\/\/bmpbois.com\/wp-content\/uploads\/2024\/01\/IMG_6349-768x1025.jpeg 768w, https:\/\/bmpbois.com\/wp-content\/uploads\/2024\/01\/IMG_6349-225x300.jpeg 225w, https:\/\/bmpbois.com\/wp-content\/uploads\/2024\/01\/IMG_6349-1151x1536.jpeg 1151w, https:\/\/bmpbois.com\/wp-content\/uploads\/2024\/01\/IMG_6349.jpeg 1536w\" sizes=\"(max-width: 768px) 100vw, 768px\" \/><\/figure>\n<\/figure>\n","protected":false},"excerpt":{"rendered":"<p>La menuiserie BMP Bois vous pr\u00e9sente un escalier b\u00e9ton recouvert de marches bois et contre marches en r\u00e9sine de synth\u00e8se le tout s&rsquo;int\u00e9grant dans un agencement sur mesure sous pente. &#8211; Marches et garde-corps en fr\u00eane &#8211; Meuble int\u00e9gr\u00e9 et contre-marches en r\u00e9sine de synth\u00e8se Corian Design glacier white N\u2019h\u00e9sitez pas \u00e0 nous contacter pour &hellip;<\/p>\n<p class=\"read-more\"> <a class=\"\" href=\"https:\/\/bmpbois.com\/?page_id=340\"> <span class=\"screen-reader-text\">Marches Fr\u00eane &#038; contre marches R\u00e9sine de synth\u00e8se &#8211; Madame B<\/span> Lire la suite\u00a0\u00bb<\/a><\/p>\n","protected":false},"author":2,"featured_media":0,"parent":0,"menu_order":0,"comment_status":"closed","ping_status":"closed","template":"","meta":{"site-sidebar-layout":"default","site-content-layout":"","ast-site-content-layout":"default","site-content-style":"default","site-sidebar-style":"default","ast-global-header-display":"","ast-banner-title-visibility":"","ast-main-header-display":"","ast-hfb-above-header-display":"","ast-hfb-below-header-display":"","ast-hfb-mobile-header-display":"","site-post-title":"","ast-breadcrumbs-content":"","ast-featured-img":"","footer-sml-layout":"","theme-transparent-header-meta":"","adv-header-id-meta":"","stick-header-meta":"","header-above-stick-meta":"","header-main-stick-meta":"","header-below-stick-meta":"","astra-migrate-meta-layouts":"set","ast-page-background-enabled":"default","ast-page-background-meta":{"desktop":{"background-color":"var(--ast-global-color-4)","background-image":"","background-repeat":"repeat","background-position":"center center","background-size":"auto","background-attachment":"scroll","background-type":"","background-media":"","overlay-type":"","overlay-color":"","overlay-gradient":""},"tablet":{"background-color":"","background-image":"","background-repeat":"repeat","background-position":"center center","background-size":"auto","background-attachment":"scroll","background-type":"","background-media":"","overlay-type":"","overlay-color":"","overlay-gradient":""},"mobile":{"background-color":"","background-image":"","background-repeat":"repeat","background-position":"center center","background-size":"auto","background-attachment":"scroll","background-type":"","background-media":"","overlay-type":"","overlay-color":"","overlay-gradient":""}},"ast-content-background-meta":{"desktop":{"background-color":"var(--ast-global-color-5)","background-image":"","background-repeat":"repeat","background-position":"center center","background-size":"auto","background-attachment":"scroll","background-type":"","background-media":"","overlay-type":"","overlay-color":"","overlay-gradient":""},"tablet":{"background-color":"var(--ast-global-color-5)","background-image":"","background-repeat":"repeat","background-position":"center center","background-size":"auto","background-attachment":"scroll","background-type":"","background-media":"","overlay-type":"","overlay-color":"","overlay-gradient":""},"mobile":{"background-color":"var(--ast-global-color-5)","background-image":"","background-repeat":"repeat","background-position":"center center","background-size":"auto","background-attachment":"scroll","background-type":"","background-media":"","overlay-type":"","overlay-color":"","overlay-gradient":""}},"footnotes":""},"_links":{"self":[{"href":"https:\/\/bmpbois.com\/index.php?rest_route=\/wp\/v2\/pages\/340"}],"collection":[{"href":"https:\/\/bmpbois.com\/index.php?rest_route=\/wp\/v2\/pages"}],"about":[{"href":"https:\/\/bmpbois.com\/index.php?rest_route=\/wp\/v2\/types\/page"}],"author":[{"embeddable":true,"href":"https:\/\/bmpbois.com\/index.php?rest_route=\/wp\/v2\/users\/2"}],"replies":[{"embeddable":true,"href":"https:\/\/bmpbois.com\/index.php?rest_route=%2Fwp%2Fv2%2Fcomments&post=340"}],"version-history":[{"count":1,"href":"https:\/\/bmpbois.com\/index.php?rest_route=\/wp\/v2\/pages\/340\/revisions"}],"predecessor-version":[{"id":346,"href":"https:\/\/bmpbois.com\/index.php?rest_route=\/wp\/v2\/pages\/340\/revisions\/346"}],"wp:attachment":[{"href":"https:\/\/bmpbois.com\/index.php?rest_route=%2Fwp%2Fv2%2Fmedia&parent=340"}],"curies":[{"name":"wp","href":"https:\/\/api.w.org\/{rel}","templated":true}]}}