{"id":379,"date":"2024-01-25T16:21:30","date_gmt":"2024-01-25T15:21:30","guid":{"rendered":"http:\/\/bmpbois.com\/?p=379"},"modified":"2024-01-25T19:57:40","modified_gmt":"2024-01-25T18:57:40","slug":"wine-not","status":"publish","type":"page","link":"https:\/\/bmpbois.com\/?page_id=379","title":{"rendered":"-Wine not !-"},"content":{"rendered":"\n<div class=\"wp-block-media-text is-stacked-on-mobile\" style=\"grid-template-columns:31% auto\"><figure class=\"wp-block-media-text__media\"><img loading=\"lazy\" decoding=\"async\" width=\"1024\" height=\"1024\" src=\"https:\/\/bmpbois.com\/wp-content\/uploads\/2023\/12\/IMG_4812-1-e1706179745125-1024x1024.jpeg\" alt=\"\" class=\"wp-image-209 size-full\" srcset=\"https:\/\/bmpbois.com\/wp-content\/uploads\/2023\/12\/IMG_4812-1-e1706179745125-1024x1024.jpeg 1024w, https:\/\/bmpbois.com\/wp-content\/uploads\/2023\/12\/IMG_4812-1-e1706179745125-300x300.jpeg 300w, https:\/\/bmpbois.com\/wp-content\/uploads\/2023\/12\/IMG_4812-1-e1706179745125-150x150.jpeg 150w, https:\/\/bmpbois.com\/wp-content\/uploads\/2023\/12\/IMG_4812-1-e1706179745125-768x768.jpeg 768w, https:\/\/bmpbois.com\/wp-content\/uploads\/2023\/12\/IMG_4812-1-e1706179745125.jpeg 1536w\" sizes=\"(max-width: 1024px) 100vw, 1024px\" \/><\/figure><div class=\"wp-block-media-text__content\">\n<p>La menuiserie BMP BOIS a r\u00e9cemment con\u00e7u une cave \u00e0 vin sur mesure d&rsquo;une capacit\u00e9 impressionnante de 1300 bouteilles. Cette r\u00e9alisation allie fonctionnalit\u00e9, esth\u00e9tique et caract\u00e8re distinctif.<\/p>\n\n\n\n<p>La structure de la cave est enti\u00e8rement confectionn\u00e9e en bois brut, mettant en avant l&rsquo;essence de bois du pin. La particularit\u00e9 r\u00e9side dans l&rsquo;utilisation du pin avec \u00e9corce et des traits de sciage apparents, conf\u00e9rant ainsi \u00e0 la cave une esth\u00e9tique rustique et authentique.<\/p>\n\n\n\n<p>Chaque d\u00e9tail a \u00e9t\u00e9 m\u00e9ticuleusement pris en compte, de la s\u00e9lection des planches de bois jusqu&rsquo;\u00e0 la r\u00e9alisation finale. Le pin, avec son \u00e9corce pr\u00e9serv\u00e9e, apporte une touche naturelle unique \u00e0 l&rsquo;ensemble, tandis que les traits de sciage apparents ajoutent un caract\u00e8re artisanal \u00e0 la cave.<\/p>\n\n\n\n<p>Pour compl\u00e9ter l&rsquo;ensemble, la menuiserie a fabriqu\u00e9 et install\u00e9 une verri\u00e8re en pin teint\u00e9 noir, offrant une vue \u00e9l\u00e9gante sur la collection de vins. La teinte noire apporte une sophistication suppl\u00e9mentaire \u00e0 l&rsquo;ensemble, cr\u00e9ant un contraste \u00e9l\u00e9gant avec le bois brut.<\/p>\n\n\n\n<p>La cave \u00e0 vin r\u00e9sultante est bien plus qu&rsquo;un simple lieu de stockage. C&rsquo;est une \u0153uvre d&rsquo;art fonctionnelle qui met en valeur la passion pour le vin tout en capturant l&rsquo;essence m\u00eame du bois. La menuiserie BMP BOIS est fi\u00e8re d&rsquo;avoir donn\u00e9 vie \u00e0 cette r\u00e9alisation unique qui marie l&rsquo;esth\u00e9tique et la praticit\u00e9.<\/p>\n<\/div><\/div>\n\n\n\n<figure class=\"wp-block-gallery has-nested-images columns-default is-cropped wp-block-gallery-1 is-layout-flex wp-block-gallery-is-layout-flex\">\n<figure class=\"wp-block-image size-large\"><img loading=\"lazy\" decoding=\"async\" width=\"768\" height=\"1024\" data-id=\"380\" src=\"https:\/\/bmpbois.com\/wp-content\/uploads\/2024\/01\/IMG_4564-768x1024.jpeg\" alt=\"\" class=\"wp-image-380\" srcset=\"https:\/\/bmpbois.com\/wp-content\/uploads\/2024\/01\/IMG_4564-768x1025.jpeg 768w, https:\/\/bmpbois.com\/wp-content\/uploads\/2024\/01\/IMG_4564-225x300.jpeg 225w, https:\/\/bmpbois.com\/wp-content\/uploads\/2024\/01\/IMG_4564-1151x1536.jpeg 1151w, https:\/\/bmpbois.com\/wp-content\/uploads\/2024\/01\/IMG_4564.jpeg 1536w\" sizes=\"(max-width: 768px) 100vw, 768px\" \/><\/figure>\n\n\n\n<figure class=\"wp-block-image size-large\"><img loading=\"lazy\" decoding=\"async\" width=\"768\" height=\"1024\" data-id=\"383\" src=\"https:\/\/bmpbois.com\/wp-content\/uploads\/2024\/01\/IMG_4803-768x1024.jpeg\" alt=\"\" class=\"wp-image-383\" srcset=\"https:\/\/bmpbois.com\/wp-content\/uploads\/2024\/01\/IMG_4803-768x1025.jpeg 768w, https:\/\/bmpbois.com\/wp-content\/uploads\/2024\/01\/IMG_4803-225x300.jpeg 225w, https:\/\/bmpbois.com\/wp-content\/uploads\/2024\/01\/IMG_4803-1151x1536.jpeg 1151w, https:\/\/bmpbois.com\/wp-content\/uploads\/2024\/01\/IMG_4803.jpeg 1536w\" sizes=\"(max-width: 768px) 100vw, 768px\" \/><\/figure>\n\n\n\n<figure class=\"wp-block-image size-large\"><img loading=\"lazy\" decoding=\"async\" width=\"768\" height=\"1024\" data-id=\"382\" src=\"https:\/\/bmpbois.com\/wp-content\/uploads\/2024\/01\/IMG_4805-768x1024.jpeg\" alt=\"\" class=\"wp-image-382\" srcset=\"https:\/\/bmpbois.com\/wp-content\/uploads\/2024\/01\/IMG_4805-768x1024.jpeg 768w, https:\/\/bmpbois.com\/wp-content\/uploads\/2024\/01\/IMG_4805-225x300.jpeg 225w, https:\/\/bmpbois.com\/wp-content\/uploads\/2024\/01\/IMG_4805-1152x1536.jpeg 1152w, https:\/\/bmpbois.com\/wp-content\/uploads\/2024\/01\/IMG_4805.jpeg 1537w\" sizes=\"(max-width: 768px) 100vw, 768px\" \/><\/figure>\n\n\n\n<figure class=\"wp-block-image size-large\"><img loading=\"lazy\" decoding=\"async\" width=\"768\" height=\"1024\" data-id=\"381\" src=\"https:\/\/bmpbois.com\/wp-content\/uploads\/2024\/01\/IMG_4820-768x1024.jpeg\" alt=\"\" class=\"wp-image-381\" srcset=\"https:\/\/bmpbois.com\/wp-content\/uploads\/2024\/01\/IMG_4820-768x1025.jpeg 768w, https:\/\/bmpbois.com\/wp-content\/uploads\/2024\/01\/IMG_4820-225x300.jpeg 225w, https:\/\/bmpbois.com\/wp-content\/uploads\/2024\/01\/IMG_4820-1151x1536.jpeg 1151w, https:\/\/bmpbois.com\/wp-content\/uploads\/2024\/01\/IMG_4820.jpeg 1536w\" sizes=\"(max-width: 768px) 100vw, 768px\" \/><\/figure>\n<\/figure>\n","protected":false},"excerpt":{"rendered":"<p>La menuiserie BMP BOIS a r\u00e9cemment con\u00e7u une cave \u00e0 vin sur mesure d&rsquo;une capacit\u00e9 impressionnante de 1300 bouteilles. Cette r\u00e9alisation allie fonctionnalit\u00e9, esth\u00e9tique et caract\u00e8re distinctif. La structure de la cave est enti\u00e8rement confectionn\u00e9e en bois brut, mettant en avant l&rsquo;essence de bois du pin. La particularit\u00e9 r\u00e9side dans l&rsquo;utilisation du pin avec \u00e9corce &hellip;<\/p>\n<p class=\"read-more\"> <a class=\"\" href=\"https:\/\/bmpbois.com\/?page_id=379\"> <span class=\"screen-reader-text\">-Wine not !-<\/span> Lire la suite\u00a0\u00bb<\/a><\/p>\n","protected":false},"author":2,"featured_media":0,"parent":0,"menu_order":0,"comment_status":"closed","ping_status":"closed","template":"","meta":{"site-sidebar-layout":"default","site-content-layout":"","ast-site-content-layout":"default","site-content-style":"default","site-sidebar-style":"default","ast-global-header-display":"","ast-banner-title-visibility":"","ast-main-header-display":"","ast-hfb-above-header-display":"","ast-hfb-below-header-display":"","ast-hfb-mobile-header-display":"","site-post-title":"","ast-breadcrumbs-content":"","ast-featured-img":"","footer-sml-layout":"","theme-transparent-header-meta":"","adv-header-id-meta":"","stick-header-meta":"","header-above-stick-meta":"","header-main-stick-meta":"","header-below-stick-meta":"","astra-migrate-meta-layouts":"set","ast-page-background-enabled":"default","ast-page-background-meta":{"desktop":{"background-color":"var(--ast-global-color-4)","background-image":"","background-repeat":"repeat","background-position":"center center","background-size":"auto","background-attachment":"scroll","background-type":"","background-media":"","overlay-type":"","overlay-color":"","overlay-gradient":""},"tablet":{"background-color":"","background-image":"","background-repeat":"repeat","background-position":"center center","background-size":"auto","background-attachment":"scroll","background-type":"","background-media":"","overlay-type":"","overlay-color":"","overlay-gradient":""},"mobile":{"background-color":"","background-image":"","background-repeat":"repeat","background-position":"center center","background-size":"auto","background-attachment":"scroll","background-type":"","background-media":"","overlay-type":"","overlay-color":"","overlay-gradient":""}},"ast-content-background-meta":{"desktop":{"background-color":"var(--ast-global-color-5)","background-image":"","background-repeat":"repeat","background-position":"center center","background-size":"auto","background-attachment":"scroll","background-type":"","background-media":"","overlay-type":"","overlay-color":"","overlay-gradient":""},"tablet":{"background-color":"var(--ast-global-color-5)","background-image":"","background-repeat":"repeat","background-position":"center center","background-size":"auto","background-attachment":"scroll","background-type":"","background-media":"","overlay-type":"","overlay-color":"","overlay-gradient":""},"mobile":{"background-color":"var(--ast-global-color-5)","background-image":"","background-repeat":"repeat","background-position":"center center","background-size":"auto","background-attachment":"scroll","background-type":"","background-media":"","overlay-type":"","overlay-color":"","overlay-gradient":""}},"footnotes":""},"_links":{"self":[{"href":"https:\/\/bmpbois.com\/index.php?rest_route=\/wp\/v2\/pages\/379"}],"collection":[{"href":"https:\/\/bmpbois.com\/index.php?rest_route=\/wp\/v2\/pages"}],"about":[{"href":"https:\/\/bmpbois.com\/index.php?rest_route=\/wp\/v2\/types\/page"}],"author":[{"embeddable":true,"href":"https:\/\/bmpbois.com\/index.php?rest_route=\/wp\/v2\/users\/2"}],"replies":[{"embeddable":true,"href":"https:\/\/bmpbois.com\/index.php?rest_route=%2Fwp%2Fv2%2Fcomments&post=379"}],"version-history":[{"count":1,"href":"https:\/\/bmpbois.com\/index.php?rest_route=\/wp\/v2\/pages\/379\/revisions"}],"predecessor-version":[{"id":384,"href":"https:\/\/bmpbois.com\/index.php?rest_route=\/wp\/v2\/pages\/379\/revisions\/384"}],"wp:attachment":[{"href":"https:\/\/bmpbois.com\/index.php?rest_route=%2Fwp%2Fv2%2Fmedia&parent=379"}],"curies":[{"name":"wp","href":"https:\/\/api.w.org\/{rel}","templated":true}]}}