{"id":431,"date":"2024-01-26T11:44:32","date_gmt":"2024-01-26T10:44:32","guid":{"rendered":"http:\/\/bmpbois.com\/?page_id=431"},"modified":"2024-01-26T11:44:32","modified_gmt":"2024-01-26T10:44:32","slug":"cuisine-vieux-bois","status":"publish","type":"page","link":"https:\/\/bmpbois.com\/?page_id=431","title":{"rendered":"Cuisine vieux bois"},"content":{"rendered":"\n<div class=\"wp-block-media-text is-stacked-on-mobile\" style=\"grid-template-columns:33% auto\"><figure class=\"wp-block-media-text__media\"><img loading=\"lazy\" decoding=\"async\" width=\"768\" height=\"1024\" src=\"https:\/\/bmpbois.com\/wp-content\/uploads\/2024\/01\/IMG_4933-768x1024.jpeg\" alt=\"\" class=\"wp-image-433 size-full\" srcset=\"https:\/\/bmpbois.com\/wp-content\/uploads\/2024\/01\/IMG_4933-768x1024.jpeg 768w, https:\/\/bmpbois.com\/wp-content\/uploads\/2024\/01\/IMG_4933-225x300.jpeg 225w, https:\/\/bmpbois.com\/wp-content\/uploads\/2024\/01\/IMG_4933-1152x1536.jpeg 1152w, https:\/\/bmpbois.com\/wp-content\/uploads\/2024\/01\/IMG_4933.jpeg 1537w\" sizes=\"(max-width: 768px) 100vw, 768px\" \/><\/figure><div class=\"wp-block-media-text__content\">\n<p>Nous sommes ravis de vous pr\u00e9senter la cuisine sur mesure exceptionnelle r\u00e9alis\u00e9e par la menuiserie BMP BOIS. Cette pi\u00e8ce unique allie l&rsquo;esth\u00e9tique chaleureuse du vieux bois \u00e0 une conception sur mesure, offrant ainsi une cuisine qui s&rsquo;int\u00e8gre parfaitement dans le chalet, alliant \u00e9l\u00e9gance intemporelle et fonctionnalit\u00e9 moderne.<\/p>\n\n\n\n<p>Chaque d\u00e9tail a \u00e9t\u00e9 soigneusement pens\u00e9, avec une attention particuli\u00e8re port\u00e9e \u00e0 la quincaillerie pour garantir une exp\u00e9rience utilisateur fluide et durable. Les tiroirs, dot\u00e9s de m\u00e9canismes de haute qualit\u00e9, assurent un acc\u00e8s pratique et une organisation optimale. L&rsquo;ing\u00e9nieux \u00e9picier, int\u00e9gr\u00e9 de mani\u00e8re discr\u00e8te, ajoute une touche de praticit\u00e9 suppl\u00e9mentaire.<\/p>\n\n\n\n<p>Cette cuisine sur mesure incarne le savoir-faire exceptionnel de BMP BOIS, mettant en valeur la beaut\u00e9 authentique du vieux bois tout en r\u00e9pondant aux exigences modernes de fonctionnalit\u00e9. Chaque \u00e9l\u00e9ment a \u00e9t\u00e9 con\u00e7u et fabriqu\u00e9 avec passion, cr\u00e9ant ainsi une pi\u00e8ce ma\u00eetresse qui saura s&rsquo;int\u00e9grer harmonieusement dans votre chalet.<\/p>\n\n\n\n<p>Pour toutes questions suppl\u00e9mentaires ou pour discuter de projets similaires, n&rsquo;h\u00e9sitez pas \u00e0 nous contacter. Nous sommes impatients de partager notre passion pour le bois et de concr\u00e9tiser vos id\u00e9es.<\/p>\n<\/div><\/div>\n\n\n\n<figure class=\"wp-block-gallery has-nested-images columns-default is-cropped wp-block-gallery-1 is-layout-flex wp-block-gallery-is-layout-flex\">\n<figure class=\"wp-block-image size-large\"><img loading=\"lazy\" decoding=\"async\" width=\"768\" height=\"1024\" data-id=\"434\" src=\"https:\/\/bmpbois.com\/wp-content\/uploads\/2024\/01\/IMG_4928-1-768x1024.jpeg\" alt=\"\" class=\"wp-image-434\" srcset=\"https:\/\/bmpbois.com\/wp-content\/uploads\/2024\/01\/IMG_4928-1-768x1024.jpeg 768w, https:\/\/bmpbois.com\/wp-content\/uploads\/2024\/01\/IMG_4928-1-225x300.jpeg 225w, https:\/\/bmpbois.com\/wp-content\/uploads\/2024\/01\/IMG_4928-1-1152x1536.jpeg 1152w, https:\/\/bmpbois.com\/wp-content\/uploads\/2024\/01\/IMG_4928-1.jpeg 1537w\" sizes=\"(max-width: 768px) 100vw, 768px\" \/><\/figure>\n\n\n\n<figure class=\"wp-block-image size-large\"><img loading=\"lazy\" decoding=\"async\" width=\"768\" height=\"1024\" data-id=\"435\" src=\"https:\/\/bmpbois.com\/wp-content\/uploads\/2024\/01\/IMG_4930-768x1024.jpeg\" alt=\"\" class=\"wp-image-435\" srcset=\"https:\/\/bmpbois.com\/wp-content\/uploads\/2024\/01\/IMG_4930-768x1024.jpeg 768w, https:\/\/bmpbois.com\/wp-content\/uploads\/2024\/01\/IMG_4930-225x300.jpeg 225w, https:\/\/bmpbois.com\/wp-content\/uploads\/2024\/01\/IMG_4930-1152x1536.jpeg 1152w, https:\/\/bmpbois.com\/wp-content\/uploads\/2024\/01\/IMG_4930.jpeg 1537w\" sizes=\"(max-width: 768px) 100vw, 768px\" \/><\/figure>\n<\/figure>\n","protected":false},"excerpt":{"rendered":"<p>Nous sommes ravis de vous pr\u00e9senter la cuisine sur mesure exceptionnelle r\u00e9alis\u00e9e par la menuiserie BMP BOIS. Cette pi\u00e8ce unique allie l&rsquo;esth\u00e9tique chaleureuse du vieux bois \u00e0 une conception sur mesure, offrant ainsi une cuisine qui s&rsquo;int\u00e8gre parfaitement dans le chalet, alliant \u00e9l\u00e9gance intemporelle et fonctionnalit\u00e9 moderne. Chaque d\u00e9tail a \u00e9t\u00e9 soigneusement pens\u00e9, avec une &hellip;<\/p>\n<p class=\"read-more\"> <a class=\"\" href=\"https:\/\/bmpbois.com\/?page_id=431\"> <span class=\"screen-reader-text\">Cuisine vieux bois<\/span> Lire la suite\u00a0\u00bb<\/a><\/p>\n","protected":false},"author":2,"featured_media":0,"parent":0,"menu_order":0,"comment_status":"closed","ping_status":"closed","template":"","meta":{"site-sidebar-layout":"default","site-content-layout":"","ast-site-content-layout":"default","site-content-style":"default","site-sidebar-style":"default","ast-global-header-display":"","ast-banner-title-visibility":"","ast-main-header-display":"","ast-hfb-above-header-display":"","ast-hfb-below-header-display":"","ast-hfb-mobile-header-display":"","site-post-title":"","ast-breadcrumbs-content":"","ast-featured-img":"","footer-sml-layout":"","theme-transparent-header-meta":"","adv-header-id-meta":"","stick-header-meta":"","header-above-stick-meta":"","header-main-stick-meta":"","header-below-stick-meta":"","astra-migrate-meta-layouts":"set","ast-page-background-enabled":"default","ast-page-background-meta":{"desktop":{"background-color":"var(--ast-global-color-4)","background-image":"","background-repeat":"repeat","background-position":"center center","background-size":"auto","background-attachment":"scroll","background-type":"","background-media":"","overlay-type":"","overlay-color":"","overlay-gradient":""},"tablet":{"background-color":"","background-image":"","background-repeat":"repeat","background-position":"center center","background-size":"auto","background-attachment":"scroll","background-type":"","background-media":"","overlay-type":"","overlay-color":"","overlay-gradient":""},"mobile":{"background-color":"","background-image":"","background-repeat":"repeat","background-position":"center center","background-size":"auto","background-attachment":"scroll","background-type":"","background-media":"","overlay-type":"","overlay-color":"","overlay-gradient":""}},"ast-content-background-meta":{"desktop":{"background-color":"var(--ast-global-color-5)","background-image":"","background-repeat":"repeat","background-position":"center center","background-size":"auto","background-attachment":"scroll","background-type":"","background-media":"","overlay-type":"","overlay-color":"","overlay-gradient":""},"tablet":{"background-color":"var(--ast-global-color-5)","background-image":"","background-repeat":"repeat","background-position":"center center","background-size":"auto","background-attachment":"scroll","background-type":"","background-media":"","overlay-type":"","overlay-color":"","overlay-gradient":""},"mobile":{"background-color":"var(--ast-global-color-5)","background-image":"","background-repeat":"repeat","background-position":"center center","background-size":"auto","background-attachment":"scroll","background-type":"","background-media":"","overlay-type":"","overlay-color":"","overlay-gradient":""}},"footnotes":""},"_links":{"self":[{"href":"https:\/\/bmpbois.com\/index.php?rest_route=\/wp\/v2\/pages\/431"}],"collection":[{"href":"https:\/\/bmpbois.com\/index.php?rest_route=\/wp\/v2\/pages"}],"about":[{"href":"https:\/\/bmpbois.com\/index.php?rest_route=\/wp\/v2\/types\/page"}],"author":[{"embeddable":true,"href":"https:\/\/bmpbois.com\/index.php?rest_route=\/wp\/v2\/users\/2"}],"replies":[{"embeddable":true,"href":"https:\/\/bmpbois.com\/index.php?rest_route=%2Fwp%2Fv2%2Fcomments&post=431"}],"version-history":[{"count":1,"href":"https:\/\/bmpbois.com\/index.php?rest_route=\/wp\/v2\/pages\/431\/revisions"}],"predecessor-version":[{"id":436,"href":"https:\/\/bmpbois.com\/index.php?rest_route=\/wp\/v2\/pages\/431\/revisions\/436"}],"wp:attachment":[{"href":"https:\/\/bmpbois.com\/index.php?rest_route=%2Fwp%2Fv2%2Fmedia&parent=431"}],"curies":[{"name":"wp","href":"https:\/\/api.w.org\/{rel}","templated":true}]}}