{"id":439,"date":"2024-01-26T11:48:59","date_gmt":"2024-01-26T10:48:59","guid":{"rendered":"http:\/\/bmpbois.com\/?page_id=439"},"modified":"2024-01-26T11:49:00","modified_gmt":"2024-01-26T10:49:00","slug":"cuisine-compact","status":"publish","type":"page","link":"https:\/\/bmpbois.com\/?page_id=439","title":{"rendered":"Cuisine compact"},"content":{"rendered":"\n<div class=\"wp-block-media-text is-stacked-on-mobile\" style=\"grid-template-columns:33% auto\"><figure class=\"wp-block-media-text__media\"><img loading=\"lazy\" decoding=\"async\" width=\"768\" height=\"1024\" src=\"https:\/\/bmpbois.com\/wp-content\/uploads\/2024\/01\/IMG_5443-768x1024.jpeg\" alt=\"\" class=\"wp-image-440 size-full\" srcset=\"https:\/\/bmpbois.com\/wp-content\/uploads\/2024\/01\/IMG_5443-768x1025.jpeg 768w, https:\/\/bmpbois.com\/wp-content\/uploads\/2024\/01\/IMG_5443-225x300.jpeg 225w, https:\/\/bmpbois.com\/wp-content\/uploads\/2024\/01\/IMG_5443-1151x1536.jpeg 1151w, https:\/\/bmpbois.com\/wp-content\/uploads\/2024\/01\/IMG_5443.jpeg 1536w\" sizes=\"(max-width: 768px) 100vw, 768px\" \/><\/figure><div class=\"wp-block-media-text__content\">\n<p>Nous sommes ravis de vous pr\u00e9senter la cuisine exceptionnelle r\u00e9alis\u00e9e par la menuiserie BMP BOIS, sp\u00e9cialement con\u00e7ue pour r\u00e9pondre aux besoins d&rsquo;un appartement de location. Cette cuisine allie fonctionnalit\u00e9 moderne et durabilit\u00e9 gr\u00e2ce \u00e0 des fa\u00e7ades et un plan de travail en compact blanc, un mat\u00e9riau imputrescible id\u00e9al pour assurer une long\u00e9vit\u00e9 remarquable.<\/p>\n\n\n\n<p>Chaque d\u00e9tail de cette cuisine a \u00e9t\u00e9 soigneusement pens\u00e9 pour garantir une utilisation pratique et r\u00e9sister aux rigueurs de la vie quotidienne. Les fa\u00e7ades en compact blanc apportent une esth\u00e9tique \u00e9l\u00e9gante et contemporaine, tout en \u00e9tant facile \u00e0 entretenir.<\/p>\n\n\n\n<p>Le choix du compact blanc, en plus de sa durabilit\u00e9, offre \u00e9galement une r\u00e9sistance accrue \u00e0 l&rsquo;humidit\u00e9 et aux variations de temp\u00e9rature, ce qui en fait un choix parfait pour les espaces de location. Les locataires appr\u00e9cieront non seulement le design moderne, mais \u00e9galement la facilit\u00e9 d&rsquo;entretien et la solidit\u00e9 de cette cuisine.<\/p>\n\n\n\n<p>Nous sommes convaincus que cette r\u00e9alisation de BMP BOIS ajoutera une valeur significative \u00e0 votre appartement de location, offrant une cuisine \u00e0 la fois esth\u00e9tique et durable. Pour toute question suppl\u00e9mentaire ou pour discuter de projets similaires, n&rsquo;h\u00e9sitez pas \u00e0 nous contacter. Nous sommes impatients de concr\u00e9tiser vos id\u00e9es.<\/p>\n<\/div><\/div>\n\n\n\n<figure class=\"wp-block-gallery has-nested-images columns-default is-cropped wp-block-gallery-1 is-layout-flex wp-block-gallery-is-layout-flex\">\n<figure class=\"wp-block-image size-large\"><img loading=\"lazy\" decoding=\"async\" width=\"768\" height=\"1024\" data-id=\"443\" src=\"https:\/\/bmpbois.com\/wp-content\/uploads\/2024\/01\/IMG_5451-1-768x1024.jpeg\" alt=\"\" class=\"wp-image-443\" srcset=\"https:\/\/bmpbois.com\/wp-content\/uploads\/2024\/01\/IMG_5451-1-768x1025.jpeg 768w, https:\/\/bmpbois.com\/wp-content\/uploads\/2024\/01\/IMG_5451-1-225x300.jpeg 225w, https:\/\/bmpbois.com\/wp-content\/uploads\/2024\/01\/IMG_5451-1-1151x1536.jpeg 1151w, https:\/\/bmpbois.com\/wp-content\/uploads\/2024\/01\/IMG_5451-1.jpeg 1536w\" sizes=\"(max-width: 768px) 100vw, 768px\" \/><\/figure>\n\n\n\n<figure class=\"wp-block-image size-large\"><img loading=\"lazy\" decoding=\"async\" width=\"768\" height=\"1024\" data-id=\"444\" src=\"https:\/\/bmpbois.com\/wp-content\/uploads\/2024\/01\/IMG_5453-1-768x1024.jpeg\" alt=\"\" class=\"wp-image-444\" srcset=\"https:\/\/bmpbois.com\/wp-content\/uploads\/2024\/01\/IMG_5453-1-768x1025.jpeg 768w, https:\/\/bmpbois.com\/wp-content\/uploads\/2024\/01\/IMG_5453-1-225x300.jpeg 225w, https:\/\/bmpbois.com\/wp-content\/uploads\/2024\/01\/IMG_5453-1-1151x1536.jpeg 1151w, https:\/\/bmpbois.com\/wp-content\/uploads\/2024\/01\/IMG_5453-1.jpeg 1536w\" sizes=\"(max-width: 768px) 100vw, 768px\" \/><\/figure>\n<\/figure>\n","protected":false},"excerpt":{"rendered":"<p>Nous sommes ravis de vous pr\u00e9senter la cuisine exceptionnelle r\u00e9alis\u00e9e par la menuiserie BMP BOIS, sp\u00e9cialement con\u00e7ue pour r\u00e9pondre aux besoins d&rsquo;un appartement de location. Cette cuisine allie fonctionnalit\u00e9 moderne et durabilit\u00e9 gr\u00e2ce \u00e0 des fa\u00e7ades et un plan de travail en compact blanc, un mat\u00e9riau imputrescible id\u00e9al pour assurer une long\u00e9vit\u00e9 remarquable. Chaque d\u00e9tail &hellip;<\/p>\n<p class=\"read-more\"> <a class=\"\" href=\"https:\/\/bmpbois.com\/?page_id=439\"> <span class=\"screen-reader-text\">Cuisine compact<\/span> Lire la suite\u00a0\u00bb<\/a><\/p>\n","protected":false},"author":2,"featured_media":0,"parent":0,"menu_order":0,"comment_status":"closed","ping_status":"closed","template":"","meta":{"site-sidebar-layout":"default","site-content-layout":"","ast-site-content-layout":"default","site-content-style":"default","site-sidebar-style":"default","ast-global-header-display":"","ast-banner-title-visibility":"","ast-main-header-display":"","ast-hfb-above-header-display":"","ast-hfb-below-header-display":"","ast-hfb-mobile-header-display":"","site-post-title":"","ast-breadcrumbs-content":"","ast-featured-img":"","footer-sml-layout":"","theme-transparent-header-meta":"","adv-header-id-meta":"","stick-header-meta":"","header-above-stick-meta":"","header-main-stick-meta":"","header-below-stick-meta":"","astra-migrate-meta-layouts":"set","ast-page-background-enabled":"default","ast-page-background-meta":{"desktop":{"background-color":"var(--ast-global-color-4)","background-image":"","background-repeat":"repeat","background-position":"center center","background-size":"auto","background-attachment":"scroll","background-type":"","background-media":"","overlay-type":"","overlay-color":"","overlay-gradient":""},"tablet":{"background-color":"","background-image":"","background-repeat":"repeat","background-position":"center center","background-size":"auto","background-attachment":"scroll","background-type":"","background-media":"","overlay-type":"","overlay-color":"","overlay-gradient":""},"mobile":{"background-color":"","background-image":"","background-repeat":"repeat","background-position":"center center","background-size":"auto","background-attachment":"scroll","background-type":"","background-media":"","overlay-type":"","overlay-color":"","overlay-gradient":""}},"ast-content-background-meta":{"desktop":{"background-color":"var(--ast-global-color-5)","background-image":"","background-repeat":"repeat","background-position":"center center","background-size":"auto","background-attachment":"scroll","background-type":"","background-media":"","overlay-type":"","overlay-color":"","overlay-gradient":""},"tablet":{"background-color":"var(--ast-global-color-5)","background-image":"","background-repeat":"repeat","background-position":"center center","background-size":"auto","background-attachment":"scroll","background-type":"","background-media":"","overlay-type":"","overlay-color":"","overlay-gradient":""},"mobile":{"background-color":"var(--ast-global-color-5)","background-image":"","background-repeat":"repeat","background-position":"center center","background-size":"auto","background-attachment":"scroll","background-type":"","background-media":"","overlay-type":"","overlay-color":"","overlay-gradient":""}},"footnotes":""},"_links":{"self":[{"href":"https:\/\/bmpbois.com\/index.php?rest_route=\/wp\/v2\/pages\/439"}],"collection":[{"href":"https:\/\/bmpbois.com\/index.php?rest_route=\/wp\/v2\/pages"}],"about":[{"href":"https:\/\/bmpbois.com\/index.php?rest_route=\/wp\/v2\/types\/page"}],"author":[{"embeddable":true,"href":"https:\/\/bmpbois.com\/index.php?rest_route=\/wp\/v2\/users\/2"}],"replies":[{"embeddable":true,"href":"https:\/\/bmpbois.com\/index.php?rest_route=%2Fwp%2Fv2%2Fcomments&post=439"}],"version-history":[{"count":1,"href":"https:\/\/bmpbois.com\/index.php?rest_route=\/wp\/v2\/pages\/439\/revisions"}],"predecessor-version":[{"id":445,"href":"https:\/\/bmpbois.com\/index.php?rest_route=\/wp\/v2\/pages\/439\/revisions\/445"}],"wp:attachment":[{"href":"https:\/\/bmpbois.com\/index.php?rest_route=%2Fwp%2Fv2%2Fmedia&parent=439"}],"curies":[{"name":"wp","href":"https:\/\/api.w.org\/{rel}","templated":true}]}}