{"id":447,"date":"2024-01-26T11:52:34","date_gmt":"2024-01-26T10:52:34","guid":{"rendered":"http:\/\/bmpbois.com\/?page_id=447"},"modified":"2024-01-26T11:52:35","modified_gmt":"2024-01-26T10:52:35","slug":"cuisine-gris-et-plan-de-travail-noir","status":"publish","type":"page","link":"https:\/\/bmpbois.com\/?page_id=447","title":{"rendered":"Cuisine Gris et plan de travail noir"},"content":{"rendered":"\n<div class=\"wp-block-media-text is-stacked-on-mobile\" style=\"grid-template-columns:39% auto\"><figure class=\"wp-block-media-text__media\"><img loading=\"lazy\" decoding=\"async\" width=\"1024\" height=\"1024\" src=\"https:\/\/bmpbois.com\/wp-content\/uploads\/2024\/01\/b445d536-d3a3-4016-8928-6aed042fa2eb-1024x1024.jpg\" alt=\"\" class=\"wp-image-448 size-full\" srcset=\"https:\/\/bmpbois.com\/wp-content\/uploads\/2024\/01\/b445d536-d3a3-4016-8928-6aed042fa2eb-1024x1024.jpg 1024w, https:\/\/bmpbois.com\/wp-content\/uploads\/2024\/01\/b445d536-d3a3-4016-8928-6aed042fa2eb-300x300.jpg 300w, https:\/\/bmpbois.com\/wp-content\/uploads\/2024\/01\/b445d536-d3a3-4016-8928-6aed042fa2eb-150x150.jpg 150w, https:\/\/bmpbois.com\/wp-content\/uploads\/2024\/01\/b445d536-d3a3-4016-8928-6aed042fa2eb-768x768.jpg 768w, https:\/\/bmpbois.com\/wp-content\/uploads\/2024\/01\/b445d536-d3a3-4016-8928-6aed042fa2eb-1536x1536.jpg 1536w, https:\/\/bmpbois.com\/wp-content\/uploads\/2024\/01\/b445d536-d3a3-4016-8928-6aed042fa2eb.jpg 1599w\" sizes=\"(max-width: 1024px) 100vw, 1024px\" \/><\/figure><div class=\"wp-block-media-text__content\">\n<p>Nous sommes enchant\u00e9s de vous pr\u00e9senter la cuisine exceptionnelle con\u00e7ue par la menuiserie BMP BOIS, sp\u00e9cialement pens\u00e9e pour sublimer votre bel appartement. Cette cuisine arbore des fa\u00e7ades en m\u00e9lamin\u00e9 gris associ\u00e9es \u00e0 un plan de travail en compact noir, cr\u00e9ant une esth\u00e9tique moderne et raffin\u00e9e.<\/p>\n\n\n\n<p>L&rsquo;\u00eelot central, pi\u00e8ce ma\u00eetresse de cette cuisine, offre non seulement un design saisissant, mais \u00e9galement une fonctionnalit\u00e9 accrue avec de grands tiroirs pour un espace de rangement pratique. La plaque de cuisson int\u00e9gr\u00e9e avec une hotte de plan de travail ajoute une touche de sophistication tout en maximisant l&rsquo;espace disponible.<\/p>\n\n\n\n<p>Le choix du m\u00e9lamin\u00e9 gris alli\u00e9 au plan de travail en compact noir apporte non seulement une esth\u00e9tique contemporaine \u00e0 votre cuisine, mais \u00e9galement une durabilit\u00e9 exceptionnelle. Ces mat\u00e9riaux r\u00e9sistent aux usures quotidiennes tout en \u00e9tant faciles \u00e0 entretenir, ce qui en fait une option parfaite pour un appartement de qualit\u00e9.<\/p>\n\n\n\n<p>Nous sommes convaincus que cette r\u00e9alisation de BMP BOIS ajoutera une valeur significative \u00e0 votre espace de vie. Pour toutes questions suppl\u00e9mentaires ou pour discuter de projets similaires, n&rsquo;h\u00e9sitez pas \u00e0 nous contacter. Nous sommes impatients de concr\u00e9tiser vos id\u00e9es et de cr\u00e9er une cuisine qui sera le point central de votre appartement.<\/p>\n<\/div><\/div>\n\n\n\n<figure class=\"wp-block-gallery has-nested-images columns-default is-cropped wp-block-gallery-1 is-layout-flex wp-block-gallery-is-layout-flex\">\n<figure class=\"wp-block-image size-large\"><img loading=\"lazy\" decoding=\"async\" width=\"1024\" height=\"1024\" data-id=\"449\" src=\"https:\/\/bmpbois.com\/wp-content\/uploads\/2024\/01\/7fea8a50-6ada-4c84-bf35-cf30f1b1498c-1024x1024.jpg\" alt=\"\" class=\"wp-image-449\" srcset=\"https:\/\/bmpbois.com\/wp-content\/uploads\/2024\/01\/7fea8a50-6ada-4c84-bf35-cf30f1b1498c-1024x1024.jpg 1024w, https:\/\/bmpbois.com\/wp-content\/uploads\/2024\/01\/7fea8a50-6ada-4c84-bf35-cf30f1b1498c-300x300.jpg 300w, https:\/\/bmpbois.com\/wp-content\/uploads\/2024\/01\/7fea8a50-6ada-4c84-bf35-cf30f1b1498c-150x150.jpg 150w, https:\/\/bmpbois.com\/wp-content\/uploads\/2024\/01\/7fea8a50-6ada-4c84-bf35-cf30f1b1498c-768x768.jpg 768w, https:\/\/bmpbois.com\/wp-content\/uploads\/2024\/01\/7fea8a50-6ada-4c84-bf35-cf30f1b1498c-1536x1536.jpg 1536w, https:\/\/bmpbois.com\/wp-content\/uploads\/2024\/01\/7fea8a50-6ada-4c84-bf35-cf30f1b1498c.jpg 1599w\" sizes=\"(max-width: 1024px) 100vw, 1024px\" \/><\/figure>\n\n\n\n<figure class=\"wp-block-image size-large\"><img loading=\"lazy\" decoding=\"async\" width=\"1024\" height=\"1024\" data-id=\"450\" src=\"https:\/\/bmpbois.com\/wp-content\/uploads\/2024\/01\/c043d1aa-4abc-4ba2-8076-ad172364d466-1024x1024.jpg\" alt=\"\" class=\"wp-image-450\" srcset=\"https:\/\/bmpbois.com\/wp-content\/uploads\/2024\/01\/c043d1aa-4abc-4ba2-8076-ad172364d466-1024x1024.jpg 1024w, https:\/\/bmpbois.com\/wp-content\/uploads\/2024\/01\/c043d1aa-4abc-4ba2-8076-ad172364d466-300x300.jpg 300w, https:\/\/bmpbois.com\/wp-content\/uploads\/2024\/01\/c043d1aa-4abc-4ba2-8076-ad172364d466-150x150.jpg 150w, https:\/\/bmpbois.com\/wp-content\/uploads\/2024\/01\/c043d1aa-4abc-4ba2-8076-ad172364d466-768x768.jpg 768w, https:\/\/bmpbois.com\/wp-content\/uploads\/2024\/01\/c043d1aa-4abc-4ba2-8076-ad172364d466-1536x1536.jpg 1536w, https:\/\/bmpbois.com\/wp-content\/uploads\/2024\/01\/c043d1aa-4abc-4ba2-8076-ad172364d466.jpg 1599w\" sizes=\"(max-width: 1024px) 100vw, 1024px\" \/><\/figure>\n<\/figure>\n","protected":false},"excerpt":{"rendered":"<p>Nous sommes enchant\u00e9s de vous pr\u00e9senter la cuisine exceptionnelle con\u00e7ue par la menuiserie BMP BOIS, sp\u00e9cialement pens\u00e9e pour sublimer votre bel appartement. Cette cuisine arbore des fa\u00e7ades en m\u00e9lamin\u00e9 gris associ\u00e9es \u00e0 un plan de travail en compact noir, cr\u00e9ant une esth\u00e9tique moderne et raffin\u00e9e. L&rsquo;\u00eelot central, pi\u00e8ce ma\u00eetresse de cette cuisine, offre non seulement &hellip;<\/p>\n<p class=\"read-more\"> <a class=\"\" href=\"https:\/\/bmpbois.com\/?page_id=447\"> <span class=\"screen-reader-text\">Cuisine Gris et plan de travail noir<\/span> Lire la suite\u00a0\u00bb<\/a><\/p>\n","protected":false},"author":2,"featured_media":0,"parent":0,"menu_order":0,"comment_status":"closed","ping_status":"closed","template":"","meta":{"site-sidebar-layout":"default","site-content-layout":"","ast-site-content-layout":"default","site-content-style":"default","site-sidebar-style":"default","ast-global-header-display":"","ast-banner-title-visibility":"","ast-main-header-display":"","ast-hfb-above-header-display":"","ast-hfb-below-header-display":"","ast-hfb-mobile-header-display":"","site-post-title":"","ast-breadcrumbs-content":"","ast-featured-img":"","footer-sml-layout":"","theme-transparent-header-meta":"","adv-header-id-meta":"","stick-header-meta":"","header-above-stick-meta":"","header-main-stick-meta":"","header-below-stick-meta":"","astra-migrate-meta-layouts":"set","ast-page-background-enabled":"default","ast-page-background-meta":{"desktop":{"background-color":"var(--ast-global-color-4)","background-image":"","background-repeat":"repeat","background-position":"center center","background-size":"auto","background-attachment":"scroll","background-type":"","background-media":"","overlay-type":"","overlay-color":"","overlay-gradient":""},"tablet":{"background-color":"","background-image":"","background-repeat":"repeat","background-position":"center center","background-size":"auto","background-attachment":"scroll","background-type":"","background-media":"","overlay-type":"","overlay-color":"","overlay-gradient":""},"mobile":{"background-color":"","background-image":"","background-repeat":"repeat","background-position":"center center","background-size":"auto","background-attachment":"scroll","background-type":"","background-media":"","overlay-type":"","overlay-color":"","overlay-gradient":""}},"ast-content-background-meta":{"desktop":{"background-color":"var(--ast-global-color-5)","background-image":"","background-repeat":"repeat","background-position":"center center","background-size":"auto","background-attachment":"scroll","background-type":"","background-media":"","overlay-type":"","overlay-color":"","overlay-gradient":""},"tablet":{"background-color":"var(--ast-global-color-5)","background-image":"","background-repeat":"repeat","background-position":"center center","background-size":"auto","background-attachment":"scroll","background-type":"","background-media":"","overlay-type":"","overlay-color":"","overlay-gradient":""},"mobile":{"background-color":"var(--ast-global-color-5)","background-image":"","background-repeat":"repeat","background-position":"center center","background-size":"auto","background-attachment":"scroll","background-type":"","background-media":"","overlay-type":"","overlay-color":"","overlay-gradient":""}},"footnotes":""},"_links":{"self":[{"href":"https:\/\/bmpbois.com\/index.php?rest_route=\/wp\/v2\/pages\/447"}],"collection":[{"href":"https:\/\/bmpbois.com\/index.php?rest_route=\/wp\/v2\/pages"}],"about":[{"href":"https:\/\/bmpbois.com\/index.php?rest_route=\/wp\/v2\/types\/page"}],"author":[{"embeddable":true,"href":"https:\/\/bmpbois.com\/index.php?rest_route=\/wp\/v2\/users\/2"}],"replies":[{"embeddable":true,"href":"https:\/\/bmpbois.com\/index.php?rest_route=%2Fwp%2Fv2%2Fcomments&post=447"}],"version-history":[{"count":1,"href":"https:\/\/bmpbois.com\/index.php?rest_route=\/wp\/v2\/pages\/447\/revisions"}],"predecessor-version":[{"id":451,"href":"https:\/\/bmpbois.com\/index.php?rest_route=\/wp\/v2\/pages\/447\/revisions\/451"}],"wp:attachment":[{"href":"https:\/\/bmpbois.com\/index.php?rest_route=%2Fwp%2Fv2%2Fmedia&parent=447"}],"curies":[{"name":"wp","href":"https:\/\/api.w.org\/{rel}","templated":true}]}}