{"id":459,"date":"2024-01-26T12:00:43","date_gmt":"2024-01-26T11:00:43","guid":{"rendered":"http:\/\/bmpbois.com\/?page_id=459"},"modified":"2024-01-26T12:01:14","modified_gmt":"2024-01-26T11:01:14","slug":"cuisine-grise-et-plan-de-travail-blanc","status":"publish","type":"page","link":"https:\/\/bmpbois.com\/?page_id=459","title":{"rendered":"Cuisine Grise et plan de travail blanc"},"content":{"rendered":"\n<div class=\"wp-block-media-text is-stacked-on-mobile\" style=\"grid-template-columns:30% auto\"><figure class=\"wp-block-media-text__media\"><img loading=\"lazy\" decoding=\"async\" width=\"768\" height=\"1024\" src=\"https:\/\/bmpbois.com\/wp-content\/uploads\/2024\/01\/38080C30-AA1F-4F8E-90C4-EE3EC671C134-768x1024.jpg\" alt=\"\" class=\"wp-image-460 size-full\" srcset=\"https:\/\/bmpbois.com\/wp-content\/uploads\/2024\/01\/38080C30-AA1F-4F8E-90C4-EE3EC671C134-768x1025.jpg 768w, https:\/\/bmpbois.com\/wp-content\/uploads\/2024\/01\/38080C30-AA1F-4F8E-90C4-EE3EC671C134-225x300.jpg 225w, https:\/\/bmpbois.com\/wp-content\/uploads\/2024\/01\/38080C30-AA1F-4F8E-90C4-EE3EC671C134-1151x1536.jpg 1151w, https:\/\/bmpbois.com\/wp-content\/uploads\/2024\/01\/38080C30-AA1F-4F8E-90C4-EE3EC671C134.jpg 1536w\" sizes=\"(max-width: 768px) 100vw, 768px\" \/><\/figure><div class=\"wp-block-media-text__content\">\n<p>Nous sommes ravis de vous pr\u00e9senter cette spacieuse cuisine con\u00e7ue par la menuiserie BMP BOIS, alliant fonctionnalit\u00e9 et esth\u00e9tisme pour cr\u00e9er un espace exceptionnel dans votre habitation. Les choix de mat\u00e9riaux, avec un plan de travail en compact blanc, des cr\u00e9dences et fa\u00e7ades gris clair, ont \u00e9t\u00e9 pens\u00e9s pour apporter luminosit\u00e9 et modernit\u00e9 \u00e0 votre cuisine.<\/p>\n\n\n\n<p>Cette r\u00e9alisation int\u00e8gre astucieusement une partie technique d\u00e9di\u00e9e \u00e0 la bouteille de gaz de la plaque de cuisson, assurant ainsi une utilisation pratique et s\u00e9curis\u00e9e. De plus, des spots LED ont \u00e9t\u00e9 strat\u00e9giquement positionn\u00e9s sous les meubles hauts pour offrir un \u00e9clairage efficace tout en ajoutant une touche contemporaine \u00e0 l&rsquo;ensemble.<\/p>\n\n\n\n<p>C\u00f4t\u00e9 fonctionnalit\u00e9s, la cuisine est \u00e9quip\u00e9e de quincailleries astucieuses telles que des tiroirs, un \u00e9picier \u00e9troit, un \u00e9picier, ainsi que des meubles d&rsquo;angles, optimisant ainsi chaque recoin et minimisant l&rsquo;espace perdu.<\/p>\n\n\n\n<p>Chaque d\u00e9tail a \u00e9t\u00e9 soigneusement \u00e9tudi\u00e9 pour r\u00e9pondre \u00e0 vos besoins quotidiens tout en cr\u00e9ant un environnement agr\u00e9able et accueillant. Nous sommes convaincus que cette cuisine r\u00e9alis\u00e9e par BMP BOIS deviendra le c\u0153ur de votre foyer.<\/p>\n\n\n\n<p>N&rsquo;h\u00e9sitez pas \u00e0 nous contacter pour toute question suppl\u00e9mentaire ou pour discuter de projets similaires. Nous sommes impatients de concr\u00e9tiser vos id\u00e9es et de cr\u00e9er une cuisine qui sera \u00e0 la hauteur de vos attentes.<\/p>\n<\/div><\/div>\n\n\n\n<figure class=\"wp-block-gallery has-nested-images columns-default is-cropped wp-block-gallery-1 is-layout-flex wp-block-gallery-is-layout-flex\">\n<figure class=\"wp-block-image size-large\"><img loading=\"lazy\" decoding=\"async\" width=\"1024\" height=\"768\" data-id=\"467\" src=\"https:\/\/bmpbois.com\/wp-content\/uploads\/2024\/01\/D13B7732-7BFC-499B-9A08-0E1CFE36331D-1-1024x768.jpg\" alt=\"\" class=\"wp-image-467\" srcset=\"https:\/\/bmpbois.com\/wp-content\/uploads\/2024\/01\/D13B7732-7BFC-499B-9A08-0E1CFE36331D-1-1024x768.jpg 1024w, https:\/\/bmpbois.com\/wp-content\/uploads\/2024\/01\/D13B7732-7BFC-499B-9A08-0E1CFE36331D-1-300x225.jpg 300w, https:\/\/bmpbois.com\/wp-content\/uploads\/2024\/01\/D13B7732-7BFC-499B-9A08-0E1CFE36331D-1-768x576.jpg 768w, https:\/\/bmpbois.com\/wp-content\/uploads\/2024\/01\/D13B7732-7BFC-499B-9A08-0E1CFE36331D-1-1536x1151.jpg 1536w\" sizes=\"(max-width: 1024px) 100vw, 1024px\" \/><\/figure>\n\n\n\n<figure class=\"wp-block-image size-large\"><img loading=\"lazy\" decoding=\"async\" width=\"768\" height=\"1024\" data-id=\"466\" src=\"https:\/\/bmpbois.com\/wp-content\/uploads\/2024\/01\/38080C30-AA1F-4F8E-90C4-EE3EC671C134-2-768x1024.jpg\" alt=\"\" class=\"wp-image-466\" srcset=\"https:\/\/bmpbois.com\/wp-content\/uploads\/2024\/01\/38080C30-AA1F-4F8E-90C4-EE3EC671C134-2-768x1025.jpg 768w, https:\/\/bmpbois.com\/wp-content\/uploads\/2024\/01\/38080C30-AA1F-4F8E-90C4-EE3EC671C134-2-225x300.jpg 225w, https:\/\/bmpbois.com\/wp-content\/uploads\/2024\/01\/38080C30-AA1F-4F8E-90C4-EE3EC671C134-2-1151x1536.jpg 1151w, https:\/\/bmpbois.com\/wp-content\/uploads\/2024\/01\/38080C30-AA1F-4F8E-90C4-EE3EC671C134-2.jpg 1536w\" sizes=\"(max-width: 768px) 100vw, 768px\" \/><\/figure>\n<\/figure>\n","protected":false},"excerpt":{"rendered":"<p>Nous sommes ravis de vous pr\u00e9senter cette spacieuse cuisine con\u00e7ue par la menuiserie BMP BOIS, alliant fonctionnalit\u00e9 et esth\u00e9tisme pour cr\u00e9er un espace exceptionnel dans votre habitation. Les choix de mat\u00e9riaux, avec un plan de travail en compact blanc, des cr\u00e9dences et fa\u00e7ades gris clair, ont \u00e9t\u00e9 pens\u00e9s pour apporter luminosit\u00e9 et modernit\u00e9 \u00e0 votre &hellip;<\/p>\n<p class=\"read-more\"> <a class=\"\" href=\"https:\/\/bmpbois.com\/?page_id=459\"> <span class=\"screen-reader-text\">Cuisine Grise et plan de travail blanc<\/span> Lire la suite\u00a0\u00bb<\/a><\/p>\n","protected":false},"author":2,"featured_media":0,"parent":0,"menu_order":0,"comment_status":"closed","ping_status":"closed","template":"","meta":{"site-sidebar-layout":"default","site-content-layout":"","ast-site-content-layout":"default","site-content-style":"default","site-sidebar-style":"default","ast-global-header-display":"","ast-banner-title-visibility":"","ast-main-header-display":"","ast-hfb-above-header-display":"","ast-hfb-below-header-display":"","ast-hfb-mobile-header-display":"","site-post-title":"","ast-breadcrumbs-content":"","ast-featured-img":"","footer-sml-layout":"","theme-transparent-header-meta":"","adv-header-id-meta":"","stick-header-meta":"","header-above-stick-meta":"","header-main-stick-meta":"","header-below-stick-meta":"","astra-migrate-meta-layouts":"set","ast-page-background-enabled":"default","ast-page-background-meta":{"desktop":{"background-color":"var(--ast-global-color-4)","background-image":"","background-repeat":"repeat","background-position":"center center","background-size":"auto","background-attachment":"scroll","background-type":"","background-media":"","overlay-type":"","overlay-color":"","overlay-gradient":""},"tablet":{"background-color":"","background-image":"","background-repeat":"repeat","background-position":"center center","background-size":"auto","background-attachment":"scroll","background-type":"","background-media":"","overlay-type":"","overlay-color":"","overlay-gradient":""},"mobile":{"background-color":"","background-image":"","background-repeat":"repeat","background-position":"center center","background-size":"auto","background-attachment":"scroll","background-type":"","background-media":"","overlay-type":"","overlay-color":"","overlay-gradient":""}},"ast-content-background-meta":{"desktop":{"background-color":"var(--ast-global-color-5)","background-image":"","background-repeat":"repeat","background-position":"center center","background-size":"auto","background-attachment":"scroll","background-type":"","background-media":"","overlay-type":"","overlay-color":"","overlay-gradient":""},"tablet":{"background-color":"var(--ast-global-color-5)","background-image":"","background-repeat":"repeat","background-position":"center center","background-size":"auto","background-attachment":"scroll","background-type":"","background-media":"","overlay-type":"","overlay-color":"","overlay-gradient":""},"mobile":{"background-color":"var(--ast-global-color-5)","background-image":"","background-repeat":"repeat","background-position":"center center","background-size":"auto","background-attachment":"scroll","background-type":"","background-media":"","overlay-type":"","overlay-color":"","overlay-gradient":""}},"footnotes":""},"_links":{"self":[{"href":"https:\/\/bmpbois.com\/index.php?rest_route=\/wp\/v2\/pages\/459"}],"collection":[{"href":"https:\/\/bmpbois.com\/index.php?rest_route=\/wp\/v2\/pages"}],"about":[{"href":"https:\/\/bmpbois.com\/index.php?rest_route=\/wp\/v2\/types\/page"}],"author":[{"embeddable":true,"href":"https:\/\/bmpbois.com\/index.php?rest_route=\/wp\/v2\/users\/2"}],"replies":[{"embeddable":true,"href":"https:\/\/bmpbois.com\/index.php?rest_route=%2Fwp%2Fv2%2Fcomments&post=459"}],"version-history":[{"count":2,"href":"https:\/\/bmpbois.com\/index.php?rest_route=\/wp\/v2\/pages\/459\/revisions"}],"predecessor-version":[{"id":468,"href":"https:\/\/bmpbois.com\/index.php?rest_route=\/wp\/v2\/pages\/459\/revisions\/468"}],"wp:attachment":[{"href":"https:\/\/bmpbois.com\/index.php?rest_route=%2Fwp%2Fv2%2Fmedia&parent=459"}],"curies":[{"name":"wp","href":"https:\/\/api.w.org\/{rel}","templated":true}]}}