{"id":483,"date":"2024-01-29T11:59:47","date_gmt":"2024-01-29T10:59:47","guid":{"rendered":"http:\/\/bmpbois.com\/?page_id=483"},"modified":"2024-01-29T11:59:48","modified_gmt":"2024-01-29T10:59:48","slug":"meuble-wc","status":"publish","type":"page","link":"https:\/\/bmpbois.com\/?page_id=483","title":{"rendered":"Meuble WC"},"content":{"rendered":"\n<div class=\"wp-block-media-text is-stacked-on-mobile\" style=\"grid-template-columns:29% auto\"><figure class=\"wp-block-media-text__media\"><img loading=\"lazy\" decoding=\"async\" width=\"768\" height=\"1024\" src=\"https:\/\/bmpbois.com\/wp-content\/uploads\/2024\/01\/6EB0D99A-F86E-47C0-B35A-03D2F55311A2-768x1024.jpg\" alt=\"\" class=\"wp-image-484 size-full\" srcset=\"https:\/\/bmpbois.com\/wp-content\/uploads\/2024\/01\/6EB0D99A-F86E-47C0-B35A-03D2F55311A2-768x1025.jpg 768w, https:\/\/bmpbois.com\/wp-content\/uploads\/2024\/01\/6EB0D99A-F86E-47C0-B35A-03D2F55311A2-225x300.jpg 225w, https:\/\/bmpbois.com\/wp-content\/uploads\/2024\/01\/6EB0D99A-F86E-47C0-B35A-03D2F55311A2-1151x1536.jpg 1151w, https:\/\/bmpbois.com\/wp-content\/uploads\/2024\/01\/6EB0D99A-F86E-47C0-B35A-03D2F55311A2.jpg 1536w\" sizes=\"(max-width: 768px) 100vw, 768px\" \/><\/figure><div class=\"wp-block-media-text__content\">\n<p>Nous sommes enchant\u00e9s de vous pr\u00e9senter notre meuble de WC sur mesure, une pi\u00e8ce exceptionnelle con\u00e7ue pour maximiser le rangement tout en ajoutant une touche de sophistication \u00e0 votre salle de bains. Ce meuble est enti\u00e8rement fabriqu\u00e9 en m\u00e9lamin\u00e9 noir, offrant une esth\u00e9tique moderne et une durabilit\u00e9 accrue.<\/p>\n\n\n\n<p>La grande colonne \u00e0 gauche offre un espace g\u00e9n\u00e9reux pour ranger les essentiels de la salle de bains, garantissant une organisation optimale. Le meuble vasque, dot\u00e9 de deux grands tiroirs, offre non seulement un espace de rangement suppl\u00e9mentaire mais \u00e9galement une esth\u00e9tique \u00e9pur\u00e9e.<\/p>\n\n\n\n<p>Les fa\u00e7ades en m\u00e9lamine ch\u00eane apportent une touche naturelle et chaleureuse \u00e0 l&rsquo;ensemble, cr\u00e9ant un contraste \u00e9l\u00e9gant avec le m\u00e9lamin\u00e9 noir. La vasque en r\u00e9sine de synth\u00e8se gris fonc\u00e9 ajoute une note contemporaine tout en assurant une facilit\u00e9 d&rsquo;entretien.<\/p>\n\n\n\n<p>Chaque d\u00e9tail de ce meuble de WC sur mesure a \u00e9t\u00e9 soigneusement pens\u00e9 et fabriqu\u00e9 pour s&rsquo;adapter parfaitement \u00e0 votre espace. Si vous recherchez un mobilier de salle de bains unique, alliant fonctionnalit\u00e9 et design, notre meuble sur mesure r\u00e9pondra assur\u00e9ment \u00e0 vos attentes.<\/p>\n\n\n\n<p>N&rsquo;h\u00e9sitez pas \u00e0 nous contacter pour discuter de votre projet ou pour obtenir plus d&rsquo;informations sur notre meuble de WC sur mesure.<\/p>\n<\/div><\/div>\n\n\n\n<figure class=\"wp-block-gallery has-nested-images columns-default is-cropped wp-block-gallery-1 is-layout-flex wp-block-gallery-is-layout-flex\">\n<figure class=\"wp-block-image size-large\"><img loading=\"lazy\" decoding=\"async\" width=\"768\" height=\"1024\" data-id=\"487\" src=\"https:\/\/bmpbois.com\/wp-content\/uploads\/2024\/01\/3D44182E-6D57-4961-8ED8-6EE3D77D9028-768x1024.jpg\" alt=\"\" class=\"wp-image-487\" srcset=\"https:\/\/bmpbois.com\/wp-content\/uploads\/2024\/01\/3D44182E-6D57-4961-8ED8-6EE3D77D9028-768x1025.jpg 768w, https:\/\/bmpbois.com\/wp-content\/uploads\/2024\/01\/3D44182E-6D57-4961-8ED8-6EE3D77D9028-225x300.jpg 225w, https:\/\/bmpbois.com\/wp-content\/uploads\/2024\/01\/3D44182E-6D57-4961-8ED8-6EE3D77D9028-1151x1536.jpg 1151w, https:\/\/bmpbois.com\/wp-content\/uploads\/2024\/01\/3D44182E-6D57-4961-8ED8-6EE3D77D9028.jpg 1536w\" sizes=\"(max-width: 768px) 100vw, 768px\" \/><\/figure>\n\n\n\n<figure class=\"wp-block-image size-large\"><img loading=\"lazy\" decoding=\"async\" width=\"819\" height=\"1024\" data-id=\"485\" src=\"https:\/\/bmpbois.com\/wp-content\/uploads\/2024\/01\/59B37E7B-0CF3-4B8C-936A-63CD7143D84B-819x1024.jpg\" alt=\"\" class=\"wp-image-485\" srcset=\"https:\/\/bmpbois.com\/wp-content\/uploads\/2024\/01\/59B37E7B-0CF3-4B8C-936A-63CD7143D84B-819x1024.jpg 819w, https:\/\/bmpbois.com\/wp-content\/uploads\/2024\/01\/59B37E7B-0CF3-4B8C-936A-63CD7143D84B-240x300.jpg 240w, https:\/\/bmpbois.com\/wp-content\/uploads\/2024\/01\/59B37E7B-0CF3-4B8C-936A-63CD7143D84B-768x960.jpg 768w, https:\/\/bmpbois.com\/wp-content\/uploads\/2024\/01\/59B37E7B-0CF3-4B8C-936A-63CD7143D84B-1229x1536.jpg 1229w, https:\/\/bmpbois.com\/wp-content\/uploads\/2024\/01\/59B37E7B-0CF3-4B8C-936A-63CD7143D84B.jpg 1440w\" sizes=\"(max-width: 819px) 100vw, 819px\" \/><\/figure>\n\n\n\n<figure class=\"wp-block-image size-large\"><img loading=\"lazy\" decoding=\"async\" width=\"768\" height=\"1024\" data-id=\"486\" src=\"https:\/\/bmpbois.com\/wp-content\/uploads\/2024\/01\/E1F1DFCC-9635-45C7-A829-CD41C56DE2B6-768x1024.jpg\" alt=\"\" class=\"wp-image-486\" srcset=\"https:\/\/bmpbois.com\/wp-content\/uploads\/2024\/01\/E1F1DFCC-9635-45C7-A829-CD41C56DE2B6-768x1025.jpg 768w, https:\/\/bmpbois.com\/wp-content\/uploads\/2024\/01\/E1F1DFCC-9635-45C7-A829-CD41C56DE2B6-225x300.jpg 225w, https:\/\/bmpbois.com\/wp-content\/uploads\/2024\/01\/E1F1DFCC-9635-45C7-A829-CD41C56DE2B6-1151x1536.jpg 1151w, https:\/\/bmpbois.com\/wp-content\/uploads\/2024\/01\/E1F1DFCC-9635-45C7-A829-CD41C56DE2B6.jpg 1536w\" sizes=\"(max-width: 768px) 100vw, 768px\" \/><\/figure>\n<\/figure>\n","protected":false},"excerpt":{"rendered":"<p>Nous sommes enchant\u00e9s de vous pr\u00e9senter notre meuble de WC sur mesure, une pi\u00e8ce exceptionnelle con\u00e7ue pour maximiser le rangement tout en ajoutant une touche de sophistication \u00e0 votre salle de bains. Ce meuble est enti\u00e8rement fabriqu\u00e9 en m\u00e9lamin\u00e9 noir, offrant une esth\u00e9tique moderne et une durabilit\u00e9 accrue. La grande colonne \u00e0 gauche offre un &hellip;<\/p>\n<p class=\"read-more\"> <a class=\"\" href=\"https:\/\/bmpbois.com\/?page_id=483\"> <span class=\"screen-reader-text\">Meuble WC<\/span> Lire la suite\u00a0\u00bb<\/a><\/p>\n","protected":false},"author":2,"featured_media":0,"parent":0,"menu_order":0,"comment_status":"closed","ping_status":"closed","template":"","meta":{"site-sidebar-layout":"default","site-content-layout":"","ast-site-content-layout":"default","site-content-style":"default","site-sidebar-style":"default","ast-global-header-display":"","ast-banner-title-visibility":"","ast-main-header-display":"","ast-hfb-above-header-display":"","ast-hfb-below-header-display":"","ast-hfb-mobile-header-display":"","site-post-title":"","ast-breadcrumbs-content":"","ast-featured-img":"","footer-sml-layout":"","theme-transparent-header-meta":"","adv-header-id-meta":"","stick-header-meta":"","header-above-stick-meta":"","header-main-stick-meta":"","header-below-stick-meta":"","astra-migrate-meta-layouts":"set","ast-page-background-enabled":"default","ast-page-background-meta":{"desktop":{"background-color":"var(--ast-global-color-4)","background-image":"","background-repeat":"repeat","background-position":"center center","background-size":"auto","background-attachment":"scroll","background-type":"","background-media":"","overlay-type":"","overlay-color":"","overlay-gradient":""},"tablet":{"background-color":"","background-image":"","background-repeat":"repeat","background-position":"center center","background-size":"auto","background-attachment":"scroll","background-type":"","background-media":"","overlay-type":"","overlay-color":"","overlay-gradient":""},"mobile":{"background-color":"","background-image":"","background-repeat":"repeat","background-position":"center center","background-size":"auto","background-attachment":"scroll","background-type":"","background-media":"","overlay-type":"","overlay-color":"","overlay-gradient":""}},"ast-content-background-meta":{"desktop":{"background-color":"var(--ast-global-color-5)","background-image":"","background-repeat":"repeat","background-position":"center center","background-size":"auto","background-attachment":"scroll","background-type":"","background-media":"","overlay-type":"","overlay-color":"","overlay-gradient":""},"tablet":{"background-color":"var(--ast-global-color-5)","background-image":"","background-repeat":"repeat","background-position":"center center","background-size":"auto","background-attachment":"scroll","background-type":"","background-media":"","overlay-type":"","overlay-color":"","overlay-gradient":""},"mobile":{"background-color":"var(--ast-global-color-5)","background-image":"","background-repeat":"repeat","background-position":"center center","background-size":"auto","background-attachment":"scroll","background-type":"","background-media":"","overlay-type":"","overlay-color":"","overlay-gradient":""}},"footnotes":""},"_links":{"self":[{"href":"https:\/\/bmpbois.com\/index.php?rest_route=\/wp\/v2\/pages\/483"}],"collection":[{"href":"https:\/\/bmpbois.com\/index.php?rest_route=\/wp\/v2\/pages"}],"about":[{"href":"https:\/\/bmpbois.com\/index.php?rest_route=\/wp\/v2\/types\/page"}],"author":[{"embeddable":true,"href":"https:\/\/bmpbois.com\/index.php?rest_route=\/wp\/v2\/users\/2"}],"replies":[{"embeddable":true,"href":"https:\/\/bmpbois.com\/index.php?rest_route=%2Fwp%2Fv2%2Fcomments&post=483"}],"version-history":[{"count":1,"href":"https:\/\/bmpbois.com\/index.php?rest_route=\/wp\/v2\/pages\/483\/revisions"}],"predecessor-version":[{"id":488,"href":"https:\/\/bmpbois.com\/index.php?rest_route=\/wp\/v2\/pages\/483\/revisions\/488"}],"wp:attachment":[{"href":"https:\/\/bmpbois.com\/index.php?rest_route=%2Fwp%2Fv2%2Fmedia&parent=483"}],"curies":[{"name":"wp","href":"https:\/\/api.w.org\/{rel}","templated":true}]}}