{"id":489,"date":"2024-01-29T12:05:05","date_gmt":"2024-01-29T11:05:05","guid":{"rendered":"http:\/\/bmpbois.com\/?page_id=489"},"modified":"2024-01-29T12:05:05","modified_gmt":"2024-01-29T11:05:05","slug":"meuble-vasques","status":"publish","type":"page","link":"https:\/\/bmpbois.com\/?page_id=489","title":{"rendered":"Meuble vasques"},"content":{"rendered":"\n<div class=\"wp-block-media-text is-stacked-on-mobile\" style=\"grid-template-columns:26% auto\"><figure class=\"wp-block-media-text__media\"><img loading=\"lazy\" decoding=\"async\" width=\"768\" height=\"1024\" src=\"https:\/\/bmpbois.com\/wp-content\/uploads\/2024\/01\/81A1D94C-EE19-4A29-815B-D68649E3641D-768x1024.jpg\" alt=\"\" class=\"wp-image-490 size-full\" srcset=\"https:\/\/bmpbois.com\/wp-content\/uploads\/2024\/01\/81A1D94C-EE19-4A29-815B-D68649E3641D-768x1024.jpg 768w, https:\/\/bmpbois.com\/wp-content\/uploads\/2024\/01\/81A1D94C-EE19-4A29-815B-D68649E3641D-225x300.jpg 225w, https:\/\/bmpbois.com\/wp-content\/uploads\/2024\/01\/81A1D94C-EE19-4A29-815B-D68649E3641D-1152x1536.jpg 1152w, https:\/\/bmpbois.com\/wp-content\/uploads\/2024\/01\/81A1D94C-EE19-4A29-815B-D68649E3641D-1536x2048.jpg 1536w, https:\/\/bmpbois.com\/wp-content\/uploads\/2024\/01\/81A1D94C-EE19-4A29-815B-D68649E3641D-scaled.jpg 1920w\" sizes=\"(max-width: 768px) 100vw, 768px\" \/><\/figure><div class=\"wp-block-media-text__content\">\n<p>Nous sommes fiers de vous pr\u00e9senter notre derni\u00e8re r\u00e9alisation : un ensemble harmonieux compos\u00e9 d&rsquo;un grand meuble double vasque de salle de bains et d&rsquo;un petit meuble WC coordonn\u00e9, compl\u00e9t\u00e9s par un plan de travail \u00e9l\u00e9gant int\u00e9grant une vasque en r\u00e9sine de synth\u00e8se.<\/p>\n\n\n\n<p>Le plan de travail, \u00e9galement en m\u00e9lamin\u00e9 noir, est con\u00e7u avec une vasque en r\u00e9sine de synth\u00e8se gris fonc\u00e9. L&rsquo;utilisation de joints invisibles assure une finition impeccable, cr\u00e9ant un aspect fluide et homog\u00e8ne. Cette caract\u00e9ristique non seulement am\u00e9liore l&rsquo;esth\u00e9tique globale mais facilite \u00e9galement le nettoyage et l&rsquo;entretien au quotidien.<\/p>\n\n\n\n<p>Cet ajout \u00e9l\u00e8ve l&rsquo;ensemble \u00e0 un niveau sup\u00e9rieur d&rsquo;\u00e9l\u00e9gance et de modernit\u00e9, cr\u00e9ant un espace de salle de bains qui allie parfaitement fonctionnalit\u00e9 et design.<\/p>\n\n\n\n<p>Chaque d\u00e9tail de cette r\u00e9alisation a \u00e9t\u00e9 soigneusement pens\u00e9 pour cr\u00e9er un espace de salle de bains \u00e0 la fois esth\u00e9tique et pratique. Si vous avez des id\u00e9es sp\u00e9cifiques pour votre projet sur mesure, n&rsquo;h\u00e9sitez pas \u00e0 nous en faire part. Nous sommes l\u00e0 pour concr\u00e9tiser vos aspirations.<\/p>\n\n\n\n<p>N&rsquo;h\u00e9sitez pas \u00e0 nous contacter pour discuter de votre projet ou obtenir plus d&rsquo;informations sur cette r\u00e9alisation.<\/p>\n<\/div><\/div>\n\n\n\n<figure class=\"wp-block-gallery has-nested-images columns-default is-cropped wp-block-gallery-1 is-layout-flex wp-block-gallery-is-layout-flex\">\n<figure class=\"wp-block-image size-large\"><img loading=\"lazy\" decoding=\"async\" width=\"1024\" height=\"768\" data-id=\"492\" src=\"https:\/\/bmpbois.com\/wp-content\/uploads\/2024\/01\/4AE68D58-9075-458C-833C-7533D6E0ED59-1024x768.jpg\" alt=\"\" class=\"wp-image-492\" srcset=\"https:\/\/bmpbois.com\/wp-content\/uploads\/2024\/01\/4AE68D58-9075-458C-833C-7533D6E0ED59-1024x768.jpg 1024w, https:\/\/bmpbois.com\/wp-content\/uploads\/2024\/01\/4AE68D58-9075-458C-833C-7533D6E0ED59-300x225.jpg 300w, https:\/\/bmpbois.com\/wp-content\/uploads\/2024\/01\/4AE68D58-9075-458C-833C-7533D6E0ED59-768x576.jpg 768w, https:\/\/bmpbois.com\/wp-content\/uploads\/2024\/01\/4AE68D58-9075-458C-833C-7533D6E0ED59-1536x1152.jpg 1536w, https:\/\/bmpbois.com\/wp-content\/uploads\/2024\/01\/4AE68D58-9075-458C-833C-7533D6E0ED59.jpg 2048w\" sizes=\"(max-width: 1024px) 100vw, 1024px\" \/><\/figure>\n\n\n\n<figure class=\"wp-block-image size-large\"><img loading=\"lazy\" decoding=\"async\" width=\"768\" height=\"1024\" data-id=\"493\" src=\"https:\/\/bmpbois.com\/wp-content\/uploads\/2024\/01\/10A37F71-52E7-4737-894D-0FF4244DE625-768x1024.jpg\" alt=\"\" class=\"wp-image-493\" srcset=\"https:\/\/bmpbois.com\/wp-content\/uploads\/2024\/01\/10A37F71-52E7-4737-894D-0FF4244DE625-768x1024.jpg 768w, https:\/\/bmpbois.com\/wp-content\/uploads\/2024\/01\/10A37F71-52E7-4737-894D-0FF4244DE625-225x300.jpg 225w, https:\/\/bmpbois.com\/wp-content\/uploads\/2024\/01\/10A37F71-52E7-4737-894D-0FF4244DE625-1152x1536.jpg 1152w, https:\/\/bmpbois.com\/wp-content\/uploads\/2024\/01\/10A37F71-52E7-4737-894D-0FF4244DE625-1536x2048.jpg 1536w, https:\/\/bmpbois.com\/wp-content\/uploads\/2024\/01\/10A37F71-52E7-4737-894D-0FF4244DE625-scaled.jpg 1920w\" sizes=\"(max-width: 768px) 100vw, 768px\" \/><\/figure>\n\n\n\n<figure class=\"wp-block-image size-large\"><img decoding=\"async\" data-id=\"491\" src=\"https:\/\/bmpbois.com\/wp-content\/uploads\/2024\/01\/A3B1E91D-558B-46E4-848D-0F3F32DEED2C-768x1024.jpg\" alt=\"\" class=\"wp-image-491\"\/><\/figure>\n<\/figure>\n","protected":false},"excerpt":{"rendered":"<p>Nous sommes fiers de vous pr\u00e9senter notre derni\u00e8re r\u00e9alisation : un ensemble harmonieux compos\u00e9 d&rsquo;un grand meuble double vasque de salle de bains et d&rsquo;un petit meuble WC coordonn\u00e9, compl\u00e9t\u00e9s par un plan de travail \u00e9l\u00e9gant int\u00e9grant une vasque en r\u00e9sine de synth\u00e8se. Le plan de travail, \u00e9galement en m\u00e9lamin\u00e9 noir, est con\u00e7u avec une &hellip;<\/p>\n<p class=\"read-more\"> <a class=\"\" href=\"https:\/\/bmpbois.com\/?page_id=489\"> <span class=\"screen-reader-text\">Meuble vasques<\/span> Lire la suite\u00a0\u00bb<\/a><\/p>\n","protected":false},"author":2,"featured_media":0,"parent":0,"menu_order":0,"comment_status":"closed","ping_status":"closed","template":"","meta":{"site-sidebar-layout":"default","site-content-layout":"","ast-site-content-layout":"default","site-content-style":"default","site-sidebar-style":"default","ast-global-header-display":"","ast-banner-title-visibility":"","ast-main-header-display":"","ast-hfb-above-header-display":"","ast-hfb-below-header-display":"","ast-hfb-mobile-header-display":"","site-post-title":"","ast-breadcrumbs-content":"","ast-featured-img":"","footer-sml-layout":"","theme-transparent-header-meta":"","adv-header-id-meta":"","stick-header-meta":"","header-above-stick-meta":"","header-main-stick-meta":"","header-below-stick-meta":"","astra-migrate-meta-layouts":"set","ast-page-background-enabled":"default","ast-page-background-meta":{"desktop":{"background-color":"var(--ast-global-color-4)","background-image":"","background-repeat":"repeat","background-position":"center center","background-size":"auto","background-attachment":"scroll","background-type":"","background-media":"","overlay-type":"","overlay-color":"","overlay-gradient":""},"tablet":{"background-color":"","background-image":"","background-repeat":"repeat","background-position":"center center","background-size":"auto","background-attachment":"scroll","background-type":"","background-media":"","overlay-type":"","overlay-color":"","overlay-gradient":""},"mobile":{"background-color":"","background-image":"","background-repeat":"repeat","background-position":"center center","background-size":"auto","background-attachment":"scroll","background-type":"","background-media":"","overlay-type":"","overlay-color":"","overlay-gradient":""}},"ast-content-background-meta":{"desktop":{"background-color":"var(--ast-global-color-5)","background-image":"","background-repeat":"repeat","background-position":"center center","background-size":"auto","background-attachment":"scroll","background-type":"","background-media":"","overlay-type":"","overlay-color":"","overlay-gradient":""},"tablet":{"background-color":"var(--ast-global-color-5)","background-image":"","background-repeat":"repeat","background-position":"center center","background-size":"auto","background-attachment":"scroll","background-type":"","background-media":"","overlay-type":"","overlay-color":"","overlay-gradient":""},"mobile":{"background-color":"var(--ast-global-color-5)","background-image":"","background-repeat":"repeat","background-position":"center center","background-size":"auto","background-attachment":"scroll","background-type":"","background-media":"","overlay-type":"","overlay-color":"","overlay-gradient":""}},"footnotes":""},"_links":{"self":[{"href":"https:\/\/bmpbois.com\/index.php?rest_route=\/wp\/v2\/pages\/489"}],"collection":[{"href":"https:\/\/bmpbois.com\/index.php?rest_route=\/wp\/v2\/pages"}],"about":[{"href":"https:\/\/bmpbois.com\/index.php?rest_route=\/wp\/v2\/types\/page"}],"author":[{"embeddable":true,"href":"https:\/\/bmpbois.com\/index.php?rest_route=\/wp\/v2\/users\/2"}],"replies":[{"embeddable":true,"href":"https:\/\/bmpbois.com\/index.php?rest_route=%2Fwp%2Fv2%2Fcomments&post=489"}],"version-history":[{"count":1,"href":"https:\/\/bmpbois.com\/index.php?rest_route=\/wp\/v2\/pages\/489\/revisions"}],"predecessor-version":[{"id":494,"href":"https:\/\/bmpbois.com\/index.php?rest_route=\/wp\/v2\/pages\/489\/revisions\/494"}],"wp:attachment":[{"href":"https:\/\/bmpbois.com\/index.php?rest_route=%2Fwp%2Fv2%2Fmedia&parent=489"}],"curies":[{"name":"wp","href":"https:\/\/api.w.org\/{rel}","templated":true}]}}