{"id":554,"date":"2024-01-29T18:33:50","date_gmt":"2024-01-29T17:33:50","guid":{"rendered":"http:\/\/bmpbois.com\/?page_id=554"},"modified":"2024-01-29T18:34:02","modified_gmt":"2024-01-29T17:34:02","slug":"chaise-denfant","status":"publish","type":"page","link":"https:\/\/bmpbois.com\/?page_id=554","title":{"rendered":"Chaise d&rsquo;enfant"},"content":{"rendered":"\n<div class=\"wp-block-media-text is-stacked-on-mobile\" style=\"grid-template-columns:35% auto\"><figure class=\"wp-block-media-text__media\"><img loading=\"lazy\" decoding=\"async\" width=\"768\" height=\"1024\" src=\"https:\/\/bmpbois.com\/wp-content\/uploads\/2024\/01\/IMG_4571-768x1024.jpeg\" alt=\"\" class=\"wp-image-556 size-full\" srcset=\"https:\/\/bmpbois.com\/wp-content\/uploads\/2024\/01\/IMG_4571-768x1024.jpeg 768w, https:\/\/bmpbois.com\/wp-content\/uploads\/2024\/01\/IMG_4571-225x300.jpeg 225w, https:\/\/bmpbois.com\/wp-content\/uploads\/2024\/01\/IMG_4571-1152x1536.jpeg 1152w, https:\/\/bmpbois.com\/wp-content\/uploads\/2024\/01\/IMG_4571-1536x2048.jpeg 1536w, https:\/\/bmpbois.com\/wp-content\/uploads\/2024\/01\/IMG_4571-scaled.jpeg 1920w\" sizes=\"(max-width: 768px) 100vw, 768px\" \/><\/figure><div class=\"wp-block-media-text__content\">\n<p>Nous sommes ravis de vous pr\u00e9senter notre charmante chaise d&rsquo;enfant au design ludique et captivant. Cette chaise est sp\u00e9cialement con\u00e7ue pour offrir \u00e0 votre enfant un si\u00e8ge confortable et amusant.<\/p>\n\n\n\n<p>L&rsquo;assise de la chaise est sculpt\u00e9e en forme de renard, ajoutant une touche ludique \u00e0 la pi\u00e8ce. La finition en laque orange et blanche cr\u00e9e un contraste vif et attrayant, \u00e9voquant l&rsquo;esprit espi\u00e8gle de ce compagnon renard.<\/p>\n\n\n\n<p>La laque utilis\u00e9e sur la chaise n&rsquo;est pas seulement esth\u00e9tique, elle offre \u00e9galement une surface lisse et facile \u00e0 nettoyer, id\u00e9ale pour les petits incidents qui peuvent survenir avec les enfants.<\/p>\n\n\n\n<p>Les d\u00e9tails soign\u00e9s, tels que les oreilles et la queue du renard, ajoutent une dimension artistique \u00e0 la chaise tout en renfor\u00e7ant le th\u00e8me ludique. La hauteur et la forme de la chaise sont sp\u00e9cialement adapt\u00e9es aux besoins des enfants, favorisant une assise confortable et ergonomique.<\/p>\n\n\n\n<p>Cette chaise d&rsquo;enfant est bien plus qu&rsquo;un simple meuble, elle est une invitation \u00e0 l&rsquo;imagination et au jeu. Elle constitue un ajout charmant \u00e0 la chambre de votre enfant, cr\u00e9ant un espace \u00e0 la fois fonctionnel et divertissant.<\/p>\n\n\n\n<p>N&rsquo;h\u00e9sitez pas \u00e0 nous contacter pour discuter de votre projet ou obtenir plus d&rsquo;informations sur cette r\u00e9alisation.<\/p>\n<\/div><\/div>\n","protected":false},"excerpt":{"rendered":"<p>Nous sommes ravis de vous pr\u00e9senter notre charmante chaise d&rsquo;enfant au design ludique et captivant. Cette chaise est sp\u00e9cialement con\u00e7ue pour offrir \u00e0 votre enfant un si\u00e8ge confortable et amusant. L&rsquo;assise de la chaise est sculpt\u00e9e en forme de renard, ajoutant une touche ludique \u00e0 la pi\u00e8ce. La finition en laque orange et blanche cr\u00e9e &hellip;<\/p>\n<p class=\"read-more\"> <a class=\"\" href=\"https:\/\/bmpbois.com\/?page_id=554\"> <span class=\"screen-reader-text\">Chaise d&rsquo;enfant<\/span> Lire la suite\u00a0\u00bb<\/a><\/p>\n","protected":false},"author":2,"featured_media":0,"parent":0,"menu_order":0,"comment_status":"closed","ping_status":"closed","template":"","meta":{"site-sidebar-layout":"default","site-content-layout":"","ast-site-content-layout":"default","site-content-style":"default","site-sidebar-style":"default","ast-global-header-display":"","ast-banner-title-visibility":"","ast-main-header-display":"","ast-hfb-above-header-display":"","ast-hfb-below-header-display":"","ast-hfb-mobile-header-display":"","site-post-title":"","ast-breadcrumbs-content":"","ast-featured-img":"","footer-sml-layout":"","theme-transparent-header-meta":"","adv-header-id-meta":"","stick-header-meta":"","header-above-stick-meta":"","header-main-stick-meta":"","header-below-stick-meta":"","astra-migrate-meta-layouts":"set","ast-page-background-enabled":"default","ast-page-background-meta":{"desktop":{"background-color":"var(--ast-global-color-4)","background-image":"","background-repeat":"repeat","background-position":"center center","background-size":"auto","background-attachment":"scroll","background-type":"","background-media":"","overlay-type":"","overlay-color":"","overlay-gradient":""},"tablet":{"background-color":"","background-image":"","background-repeat":"repeat","background-position":"center center","background-size":"auto","background-attachment":"scroll","background-type":"","background-media":"","overlay-type":"","overlay-color":"","overlay-gradient":""},"mobile":{"background-color":"","background-image":"","background-repeat":"repeat","background-position":"center center","background-size":"auto","background-attachment":"scroll","background-type":"","background-media":"","overlay-type":"","overlay-color":"","overlay-gradient":""}},"ast-content-background-meta":{"desktop":{"background-color":"var(--ast-global-color-5)","background-image":"","background-repeat":"repeat","background-position":"center center","background-size":"auto","background-attachment":"scroll","background-type":"","background-media":"","overlay-type":"","overlay-color":"","overlay-gradient":""},"tablet":{"background-color":"var(--ast-global-color-5)","background-image":"","background-repeat":"repeat","background-position":"center center","background-size":"auto","background-attachment":"scroll","background-type":"","background-media":"","overlay-type":"","overlay-color":"","overlay-gradient":""},"mobile":{"background-color":"var(--ast-global-color-5)","background-image":"","background-repeat":"repeat","background-position":"center center","background-size":"auto","background-attachment":"scroll","background-type":"","background-media":"","overlay-type":"","overlay-color":"","overlay-gradient":""}},"footnotes":""},"_links":{"self":[{"href":"https:\/\/bmpbois.com\/index.php?rest_route=\/wp\/v2\/pages\/554"}],"collection":[{"href":"https:\/\/bmpbois.com\/index.php?rest_route=\/wp\/v2\/pages"}],"about":[{"href":"https:\/\/bmpbois.com\/index.php?rest_route=\/wp\/v2\/types\/page"}],"author":[{"embeddable":true,"href":"https:\/\/bmpbois.com\/index.php?rest_route=\/wp\/v2\/users\/2"}],"replies":[{"embeddable":true,"href":"https:\/\/bmpbois.com\/index.php?rest_route=%2Fwp%2Fv2%2Fcomments&post=554"}],"version-history":[{"count":2,"href":"https:\/\/bmpbois.com\/index.php?rest_route=\/wp\/v2\/pages\/554\/revisions"}],"predecessor-version":[{"id":557,"href":"https:\/\/bmpbois.com\/index.php?rest_route=\/wp\/v2\/pages\/554\/revisions\/557"}],"wp:attachment":[{"href":"https:\/\/bmpbois.com\/index.php?rest_route=%2Fwp%2Fv2%2Fmedia&parent=554"}],"curies":[{"name":"wp","href":"https:\/\/api.w.org\/{rel}","templated":true}]}}